{"id":1390,"date":"2025-01-28T11:55:22","date_gmt":"2025-01-28T10:55:22","guid":{"rendered":"https:\/\/viresformacion.com\/?page_id=1390"},"modified":"2025-01-30T09:38:31","modified_gmt":"2025-01-30T08:38:31","slug":"trabaja-con-nosotros","status":"publish","type":"page","link":"https:\/\/viresformacion.com\/en\/trabaja-con-nosotros\/","title":{"rendered":"Trabaja con Nosotros"},"content":{"rendered":"<div class=\"job_listings\" data-location=\"\" data-keywords=\"\" data-show_filters=\"true\" data-show_pagination=\"false\" data-per_page=\"10\" data-orderby=\"featured\" data-order=\"DESC\" data-categories=\"\" data-disable-form-state-storage=\"\" data-featured_first=\"false\" data-post_id=\"1390\" >\n<form class=\"job_filters\" action=\"\">\n\t\n\t<div class=\"search_jobs\">\n\t\t\n\t\t<div class=\"search_keywords\">\n\t\t\t<label for=\"search_keywords\">Keywords<\/label>\n\t\t\t<input type=\"text\" name=\"search_keywords\" id=\"search_keywords\" placeholder=\"Keywords\" value=\"\" \/>\n\t\t<\/div>\n\n\t\t<div class=\"search_location\">\n\t\t\t<label for=\"search_location\">Location<\/label>\n\t\t\t<input type=\"text\" name=\"search_location\" id=\"search_location\" placeholder=\"Location\" value=\"\" \/>\n\t\t<\/div>\n\n\t\t\t\t\t<div class=\"search_remote_position\">\n\t\t\t\t<input type=\"checkbox\" class=\"input-checkbox\" name=\"remote_position\" id=\"remote_position\" placeholder=\"Location\" value=\"1\"  \/>\n\t\t\t\t<label for=\"remote_position\" id=\"remote_position_label\">Remote positions only<\/label>\n\t\t\t<\/div>\n\t\t\n\t\t<div style=\"clear: both\"><\/div>\n\n\t\t\n\t\t\t\t\t<div class=\"search_submit\">\n\t\t\t\t<input type=\"submit\" value=\"Search Jobs\">\n\t\t\t<\/div>\n\t\t\n\t\t\t<\/div>\n\n\t\t<ul class=\"job_types\">\n\t\t\t\t\t<li><label for=\"job_type_caducado\" class=\"caducado\"><input type=\"checkbox\" name=\"filter_job_type[]\" value=\"caducado\"  checked='checked' id=\"job_type_caducado\" \/> Caducado<\/label><\/li>\n\t\t\t\t\t<li><label for=\"job_type_todos\" class=\"todos\"><input type=\"checkbox\" name=\"filter_job_type[]\" value=\"todos\"  checked='checked' id=\"job_type_todos\" \/> Todos<\/label><\/li>\n\t\t\t\t\t<li><label for=\"job_type_urgente\" class=\"urgente\"><input type=\"checkbox\" name=\"filter_job_type[]\" value=\"urgente\"  checked='checked' id=\"job_type_urgente\" \/> Urgente<\/label><\/li>\n\t\t\t<\/ul>\n\t<input type=\"hidden\" name=\"filter_job_type[]\" value=\"\" \/>\n<div class=\"showing_jobs\"><\/div><input type=\"hidden\" name=\"trp-form-language\" value=\"en\"\/><\/form>\n\n\n<noscript>Your browser does not support JavaScript, or it is disabled. JavaScript must be enabled in order to view listings.<\/noscript>\n<ul class=\"job_listings\">\n<\/ul>\n<a class=\"load_more_jobs\" href=\"#\" style=\"display:none;\"><strong>Load more listings<\/strong><\/a><\/div>","protected":false},"excerpt":{"rendered":"","protected":false},"author":2,"featured_media":0,"parent":0,"menu_order":0,"comment_status":"closed","ping_status":"closed","template":"","meta":{"footnotes":""},"class_list":["post-1390","page","type-page","status-publish","hentry"],"yoast_head":"<!-- This site is optimized with the Yoast SEO plugin v24.4 - https:\/\/yoast.com\/wordpress\/plugins\/seo\/ -->\n<title>Trabaja con Nosotros - ViresFormacion<\/title>\n<meta name=\"description\" content=\"Trabaja con nosotros en Vires Formaci\u00f3n. Si eres un profesional apasionado por la educaci\u00f3n, env\u00eda tu CV y \u00fanete a nuestro equipo. \u00a1Te estamos esperando!\" \/>\n<meta name=\"robots\" content=\"index, follow, max-snippet:-1, max-image-preview:large, max-video-preview:-1\" \/>\n<link rel=\"canonical\" href=\"https:\/\/viresformacion.com\/en\/trabaja-con-nosotros\/\" \/>\n<meta property=\"og:locale\" content=\"en_US\" \/>\n<meta property=\"og:type\" content=\"article\" \/>\n<meta property=\"og:title\" content=\"Trabaja con Nosotros - ViresFormacion\" \/>\n<meta property=\"og:description\" content=\"Trabaja con nosotros en Vires Formaci\u00f3n. Si eres un profesional apasionado por la educaci\u00f3n, env\u00eda tu CV y \u00fanete a nuestro equipo. \u00a1Te estamos esperando!\" \/>\n<meta property=\"og:url\" content=\"https:\/\/viresformacion.com\/en\/trabaja-con-nosotros\/\" \/>\n<meta property=\"og:site_name\" content=\"ViresFormacion\" \/>\n<meta property=\"article:publisher\" content=\"https:\/\/www.facebook.com\/p\/Vires-Formacin-61550945501424\/?locale=es_ES\" \/>\n<meta property=\"article:modified_time\" content=\"2025-01-30T08:38:31+00:00\" \/>\n<meta name=\"twitter:card\" content=\"summary_large_image\" \/>\n<meta name=\"twitter:label1\" content=\"Est. reading time\" \/>\n\t<meta name=\"twitter:data1\" content=\"1 minute\" \/>\n<script type=\"application\/ld+json\" class=\"yoast-schema-graph\">{\"@context\":\"https:\/\/schema.org\",\"@graph\":[{\"@type\":\"WebPage\",\"@id\":\"https:\/\/viresformacion.com\/trabaja-con-nosotros\/\",\"url\":\"https:\/\/viresformacion.com\/trabaja-con-nosotros\/\",\"name\":\"Trabaja con Nosotros - ViresFormacion\",\"isPartOf\":{\"@id\":\"https:\/\/viresformacion.com\/#website\"},\"datePublished\":\"2025-01-28T10:55:22+00:00\",\"dateModified\":\"2025-01-30T08:38:31+00:00\",\"description\":\"Trabaja con nosotros en Vires Formaci\u00f3n. Si eres un profesional apasionado por la educaci\u00f3n, env\u00eda tu CV y \u00fanete a nuestro equipo. \u00a1Te estamos esperando!\",\"breadcrumb\":{\"@id\":\"https:\/\/viresformacion.com\/trabaja-con-nosotros\/#breadcrumb\"},\"inLanguage\":\"en-US\",\"potentialAction\":[{\"@type\":\"ReadAction\",\"target\":[\"https:\/\/viresformacion.com\/trabaja-con-nosotros\/\"]}]},{\"@type\":\"BreadcrumbList\",\"@id\":\"https:\/\/viresformacion.com\/trabaja-con-nosotros\/#breadcrumb\",\"itemListElement\":[{\"@type\":\"ListItem\",\"position\":1,\"name\":\"Portada\",\"item\":\"https:\/\/viresformacion.com\/\"},{\"@type\":\"ListItem\",\"position\":2,\"name\":\"Trabaja con Nosotros\"}]},{\"@type\":\"WebSite\",\"@id\":\"https:\/\/viresformacion.com\/#website\",\"url\":\"https:\/\/viresformacion.com\/\",\"name\":\"ViresFormacion\",\"description\":\"Formaci\u00f3n\",\"publisher\":{\"@id\":\"https:\/\/viresformacion.com\/#organization\"},\"potentialAction\":[{\"@type\":\"SearchAction\",\"target\":{\"@type\":\"EntryPoint\",\"urlTemplate\":\"https:\/\/viresformacion.com\/?s={search_term_string}\"},\"query-input\":{\"@type\":\"PropertyValueSpecification\",\"valueRequired\":true,\"valueName\":\"search_term_string\"}}],\"inLanguage\":\"en-US\"},{\"@type\":\"Organization\",\"@id\":\"https:\/\/viresformacion.com\/#organization\",\"name\":\"ViresFormacion\",\"url\":\"https:\/\/viresformacion.com\/\",\"logo\":{\"@type\":\"ImageObject\",\"inLanguage\":\"en-US\",\"@id\":\"https:\/\/viresformacion.com\/#\/schema\/logo\/image\/\",\"url\":\"https:\/\/viresformacion.com\/wp-content\/uploads\/2024\/09\/logo.png\",\"contentUrl\":\"https:\/\/viresformacion.com\/wp-content\/uploads\/2024\/09\/logo.png\",\"width\":946,\"height\":890,\"caption\":\"ViresFormacion\"},\"image\":{\"@id\":\"https:\/\/viresformacion.com\/#\/schema\/logo\/image\/\"},\"sameAs\":[\"https:\/\/www.facebook.com\/p\/Vires-Formacin-61550945501424\/?locale=es_ES\",\"https:\/\/www.instagram.com\/viresformacion\/?hl=es\",\"https:\/\/es.linkedin.com\/company\/vires-formacion-s-l\"]}]}<\/script>\n<!-- \/ Yoast SEO plugin. -->","yoast_head_json":{"title":"Trabaja con Nosotros - ViresFormacion","description":"Trabaja con nosotros en Vires Formaci\u00f3n. Si eres un profesional apasionado por la educaci\u00f3n, env\u00eda tu CV y \u00fanete a nuestro equipo. \u00a1Te estamos esperando!","robots":{"index":"index","follow":"follow","max-snippet":"max-snippet:-1","max-image-preview":"max-image-preview:large","max-video-preview":"max-video-preview:-1"},"canonical":"https:\/\/viresformacion.com\/en\/trabaja-con-nosotros\/","og_locale":"en_US","og_type":"article","og_title":"Trabaja con Nosotros - ViresFormacion","og_description":"Trabaja con nosotros en Vires Formaci\u00f3n. Si eres un profesional apasionado por la educaci\u00f3n, env\u00eda tu CV y \u00fanete a nuestro equipo. \u00a1Te estamos esperando!","og_url":"https:\/\/viresformacion.com\/en\/trabaja-con-nosotros\/","og_site_name":"ViresFormacion","article_publisher":"https:\/\/www.facebook.com\/p\/Vires-Formacin-61550945501424\/?locale=es_ES","article_modified_time":"2025-01-30T08:38:31+00:00","twitter_card":"summary_large_image","twitter_misc":{"Est. reading time":"1 minute"},"schema":{"@context":"https:\/\/schema.org","@graph":[{"@type":"WebPage","@id":"https:\/\/viresformacion.com\/trabaja-con-nosotros\/","url":"https:\/\/viresformacion.com\/trabaja-con-nosotros\/","name":"Trabaja con Nosotros - ViresFormacion","isPartOf":{"@id":"https:\/\/viresformacion.com\/#website"},"datePublished":"2025-01-28T10:55:22+00:00","dateModified":"2025-01-30T08:38:31+00:00","description":"Trabaja con nosotros en Vires Formaci\u00f3n. Si eres un profesional apasionado por la educaci\u00f3n, env\u00eda tu CV y \u00fanete a nuestro equipo. \u00a1Te estamos esperando!","breadcrumb":{"@id":"https:\/\/viresformacion.com\/trabaja-con-nosotros\/#breadcrumb"},"inLanguage":"en-US","potentialAction":[{"@type":"ReadAction","target":["https:\/\/viresformacion.com\/trabaja-con-nosotros\/"]}]},{"@type":"BreadcrumbList","@id":"https:\/\/viresformacion.com\/trabaja-con-nosotros\/#breadcrumb","itemListElement":[{"@type":"ListItem","position":1,"name":"Portada","item":"https:\/\/viresformacion.com\/"},{"@type":"ListItem","position":2,"name":"Trabaja con Nosotros"}]},{"@type":"WebSite","@id":"https:\/\/viresformacion.com\/#website","url":"https:\/\/viresformacion.com\/","name":"ViresFormacion","description":"Formaci\u00f3n","publisher":{"@id":"https:\/\/viresformacion.com\/#organization"},"potentialAction":[{"@type":"SearchAction","target":{"@type":"EntryPoint","urlTemplate":"https:\/\/viresformacion.com\/?s={search_term_string}"},"query-input":{"@type":"PropertyValueSpecification","valueRequired":true,"valueName":"search_term_string"}}],"inLanguage":"en-US"},{"@type":"Organization","@id":"https:\/\/viresformacion.com\/#organization","name":"ViresFormacion","url":"https:\/\/viresformacion.com\/","logo":{"@type":"ImageObject","inLanguage":"en-US","@id":"https:\/\/viresformacion.com\/#\/schema\/logo\/image\/","url":"https:\/\/viresformacion.com\/wp-content\/uploads\/2024\/09\/logo.png","contentUrl":"https:\/\/viresformacion.com\/wp-content\/uploads\/2024\/09\/logo.png","width":946,"height":890,"caption":"ViresFormacion"},"image":{"@id":"https:\/\/viresformacion.com\/#\/schema\/logo\/image\/"},"sameAs":["https:\/\/www.facebook.com\/p\/Vires-Formacin-61550945501424\/?locale=es_ES","https:\/\/www.instagram.com\/viresformacion\/?hl=es","https:\/\/es.linkedin.com\/company\/vires-formacion-s-l"]}]}},"_links":{"self":[{"href":"https:\/\/viresformacion.com\/en\/wp-json\/wp\/v2\/pages\/1390","targetHints":{"allow":["GET"]}}],"collection":[{"href":"https:\/\/viresformacion.com\/en\/wp-json\/wp\/v2\/pages"}],"about":[{"href":"https:\/\/viresformacion.com\/en\/wp-json\/wp\/v2\/types\/page"}],"author":[{"embeddable":true,"href":"https:\/\/viresformacion.com\/en\/wp-json\/wp\/v2\/users\/2"}],"replies":[{"embeddable":true,"href":"https:\/\/viresformacion.com\/en\/wp-json\/wp\/v2\/comments?post=1390"}],"version-history":[{"count":4,"href":"https:\/\/viresformacion.com\/en\/wp-json\/wp\/v2\/pages\/1390\/revisions"}],"predecessor-version":[{"id":1423,"href":"https:\/\/viresformacion.com\/en\/wp-json\/wp\/v2\/pages\/1390\/revisions\/1423"}],"wp:attachment":[{"href":"https:\/\/viresformacion.com\/en\/wp-json\/wp\/v2\/media?parent=1390"}],"curies":[{"name":"wp","href":"https:\/\/api.w.org\/{rel}","templated":true}]}}