{"id":30,"date":"2024-07-11T07:26:47","date_gmt":"2024-07-11T07:26:47","guid":{"rendered":"https:\/\/viresformacion.com\/?page_id=30"},"modified":"2024-07-11T07:26:47","modified_gmt":"2024-07-11T07:26:47","slug":"politica-de-privacidad","status":"publish","type":"page","link":"https:\/\/viresformacion.com\/en\/politica-de-privacidad\/","title":{"rendered":"Privacy Policy"},"content":{"rendered":"<h2>PRIVACY POLICY<\/h2>\n<p>You are informed that the personal data that this document may contain and provided by you.<\/p>\n<p>They have been incorporated for the treatment called CLIENTS whose responsible is VIRES FORMACION Avenida IBEROAMERICA n\u00ba11 Bajo 23680 ALCALA LA REAL (JAEN).<\/p>\n<p>The address of our website is: https:\/\/gersofontaneria.es.<\/p>\n<p>The purpose of the treatment is the management of the commercial, economic and administrative relationship with clients and their authorized applicators, whose legal basis is the<br \/>\nexecution of a contract, in the exercise of the activity of the person responsible.<\/p>\n<p>That, for the fulfillment of the purpose, or due to legal requirements, your personal data may<br \/>\nbe transferred or communicated to public organizations and institutions. Tax and Accounting Advice.<\/p>\n<p>That the period for deleting my personal data will be as planned<br \/>\nby tax legislation regarding the prescription of responsibilities.<\/p>\n<p>You are also informed of the right to request the data controller to access the data.<br \/>\npersonal data relating to you. and its rectification or deletion, or limitation of its processing, or to oppose the processing and file a claim with an authority<br \/>\nof control.<\/p>","protected":false},"excerpt":{"rendered":"<p>PRIVACY POLICY It is reported that the personal data that this document may contain and provided by you have been incorporated for the treatment called CLIENTS whose responsible party is VIRES FORMACION Avenida IBEROAMERICA n\u00ba11 Bajo 23680 ALCALA LA REAL (JAEN). The address of our website is: https:\/\/gersofontaneria.es. The purpose of the treatment is the management of the commercial, economic and administrative relationship with the clients and their authorized applicators, whose legal basis is the execution<\/p>","protected":false},"author":1,"featured_media":0,"parent":0,"menu_order":0,"comment_status":"closed","ping_status":"closed","template":"","meta":{"footnotes":""},"class_list":["post-30","page","type-page","status-publish","hentry"],"yoast_head":"<!-- This site is optimized with the Yoast SEO plugin v24.4 - https:\/\/yoast.com\/wordpress\/plugins\/seo\/ -->\n<title>Pol\u00edtica de privacidad - ViresFormacion<\/title>\n<meta name=\"robots\" content=\"index, follow, max-snippet:-1, max-image-preview:large, max-video-preview:-1\" \/>\n<link rel=\"canonical\" href=\"https:\/\/viresformacion.com\/en\/politica-de-privacidad\/\" \/>\n<meta property=\"og:locale\" content=\"en_US\" \/>\n<meta property=\"og:type\" content=\"article\" \/>\n<meta property=\"og:title\" content=\"Pol\u00edtica de privacidad - ViresFormacion\" \/>\n<meta property=\"og:description\" content=\"POL\u00cdTICA DE PRIVACIDAD Se informa que los datos personales que pudiera contener este documento y facilitados por ud. Han sido incorporados para el tratamiento denominado CLIENTES cuyo responsable es\u00a0 VIRES FORMACION Avenida \u00a0IBEROAMERICA\u00a0 n\u00ba11 Bajo 23680 ALCALA LA REAL (JAEN). La direcci\u00f3n de nuestro sitio web es: https:\/\/gersofontaneria.es. La finalidad del tratamiento es la gesti\u00f3n de la relaci\u00f3n comercial, econ\u00f3mica y administrativa con los clientes y sus aplicadores autorizados, cuya base legal es la ejecuci\u00f3n\" \/>\n<meta property=\"og:url\" content=\"https:\/\/viresformacion.com\/en\/politica-de-privacidad\/\" \/>\n<meta property=\"og:site_name\" content=\"ViresFormacion\" \/>\n<meta property=\"article:publisher\" content=\"https:\/\/www.facebook.com\/p\/Vires-Formacin-61550945501424\/?locale=es_ES\" \/>\n<meta name=\"twitter:card\" content=\"summary_large_image\" \/>\n<meta name=\"twitter:label1\" content=\"Est. reading time\" \/>\n\t<meta name=\"twitter:data1\" content=\"1 minute\" \/>\n<script type=\"application\/ld+json\" class=\"yoast-schema-graph\">{\"@context\":\"https:\/\/schema.org\",\"@graph\":[{\"@type\":\"WebPage\",\"@id\":\"https:\/\/viresformacion.com\/politica-de-privacidad\/\",\"url\":\"https:\/\/viresformacion.com\/politica-de-privacidad\/\",\"name\":\"Pol\u00edtica de privacidad - ViresFormacion\",\"isPartOf\":{\"@id\":\"https:\/\/viresformacion.com\/#website\"},\"datePublished\":\"2024-07-11T07:26:47+00:00\",\"breadcrumb\":{\"@id\":\"https:\/\/viresformacion.com\/politica-de-privacidad\/#breadcrumb\"},\"inLanguage\":\"en-US\",\"potentialAction\":[{\"@type\":\"ReadAction\",\"target\":[\"https:\/\/viresformacion.com\/politica-de-privacidad\/\"]}]},{\"@type\":\"BreadcrumbList\",\"@id\":\"https:\/\/viresformacion.com\/politica-de-privacidad\/#breadcrumb\",\"itemListElement\":[{\"@type\":\"ListItem\",\"position\":1,\"name\":\"Portada\",\"item\":\"https:\/\/viresformacion.com\/\"},{\"@type\":\"ListItem\",\"position\":2,\"name\":\"Pol\u00edtica de privacidad\"}]},{\"@type\":\"WebSite\",\"@id\":\"https:\/\/viresformacion.com\/#website\",\"url\":\"https:\/\/viresformacion.com\/\",\"name\":\"ViresFormacion\",\"description\":\"Formaci\u00f3n\",\"publisher\":{\"@id\":\"https:\/\/viresformacion.com\/#organization\"},\"potentialAction\":[{\"@type\":\"SearchAction\",\"target\":{\"@type\":\"EntryPoint\",\"urlTemplate\":\"https:\/\/viresformacion.com\/?s={search_term_string}\"},\"query-input\":{\"@type\":\"PropertyValueSpecification\",\"valueRequired\":true,\"valueName\":\"search_term_string\"}}],\"inLanguage\":\"en-US\"},{\"@type\":\"Organization\",\"@id\":\"https:\/\/viresformacion.com\/#organization\",\"name\":\"ViresFormacion\",\"url\":\"https:\/\/viresformacion.com\/\",\"logo\":{\"@type\":\"ImageObject\",\"inLanguage\":\"en-US\",\"@id\":\"https:\/\/viresformacion.com\/#\/schema\/logo\/image\/\",\"url\":\"https:\/\/viresformacion.com\/wp-content\/uploads\/2024\/09\/logo.png\",\"contentUrl\":\"https:\/\/viresformacion.com\/wp-content\/uploads\/2024\/09\/logo.png\",\"width\":946,\"height\":890,\"caption\":\"ViresFormacion\"},\"image\":{\"@id\":\"https:\/\/viresformacion.com\/#\/schema\/logo\/image\/\"},\"sameAs\":[\"https:\/\/www.facebook.com\/p\/Vires-Formacin-61550945501424\/?locale=es_ES\",\"https:\/\/www.instagram.com\/viresformacion\/?hl=es\",\"https:\/\/es.linkedin.com\/company\/vires-formacion-s-l\"]}]}<\/script>\n<!-- \/ Yoast SEO plugin. -->","yoast_head_json":{"title":"Pol\u00edtica de privacidad - ViresFormacion","robots":{"index":"index","follow":"follow","max-snippet":"max-snippet:-1","max-image-preview":"max-image-preview:large","max-video-preview":"max-video-preview:-1"},"canonical":"https:\/\/viresformacion.com\/en\/politica-de-privacidad\/","og_locale":"en_US","og_type":"article","og_title":"Pol\u00edtica de privacidad - ViresFormacion","og_description":"POL\u00cdTICA DE PRIVACIDAD Se informa que los datos personales que pudiera contener este documento y facilitados por ud. Han sido incorporados para el tratamiento denominado CLIENTES cuyo responsable es\u00a0 VIRES FORMACION Avenida \u00a0IBEROAMERICA\u00a0 n\u00ba11 Bajo 23680 ALCALA LA REAL (JAEN). La direcci\u00f3n de nuestro sitio web es: https:\/\/gersofontaneria.es. La finalidad del tratamiento es la gesti\u00f3n de la relaci\u00f3n comercial, econ\u00f3mica y administrativa con los clientes y sus aplicadores autorizados, cuya base legal es la ejecuci\u00f3n","og_url":"https:\/\/viresformacion.com\/en\/politica-de-privacidad\/","og_site_name":"ViresFormacion","article_publisher":"https:\/\/www.facebook.com\/p\/Vires-Formacin-61550945501424\/?locale=es_ES","twitter_card":"summary_large_image","twitter_misc":{"Est. reading time":"1 minute"},"schema":{"@context":"https:\/\/schema.org","@graph":[{"@type":"WebPage","@id":"https:\/\/viresformacion.com\/politica-de-privacidad\/","url":"https:\/\/viresformacion.com\/politica-de-privacidad\/","name":"Pol\u00edtica de privacidad - ViresFormacion","isPartOf":{"@id":"https:\/\/viresformacion.com\/#website"},"datePublished":"2024-07-11T07:26:47+00:00","breadcrumb":{"@id":"https:\/\/viresformacion.com\/politica-de-privacidad\/#breadcrumb"},"inLanguage":"en-US","potentialAction":[{"@type":"ReadAction","target":["https:\/\/viresformacion.com\/politica-de-privacidad\/"]}]},{"@type":"BreadcrumbList","@id":"https:\/\/viresformacion.com\/politica-de-privacidad\/#breadcrumb","itemListElement":[{"@type":"ListItem","position":1,"name":"Portada","item":"https:\/\/viresformacion.com\/"},{"@type":"ListItem","position":2,"name":"Pol\u00edtica de privacidad"}]},{"@type":"WebSite","@id":"https:\/\/viresformacion.com\/#website","url":"https:\/\/viresformacion.com\/","name":"ViresFormacion","description":"Formaci\u00f3n","publisher":{"@id":"https:\/\/viresformacion.com\/#organization"},"potentialAction":[{"@type":"SearchAction","target":{"@type":"EntryPoint","urlTemplate":"https:\/\/viresformacion.com\/?s={search_term_string}"},"query-input":{"@type":"PropertyValueSpecification","valueRequired":true,"valueName":"search_term_string"}}],"inLanguage":"en-US"},{"@type":"Organization","@id":"https:\/\/viresformacion.com\/#organization","name":"ViresFormacion","url":"https:\/\/viresformacion.com\/","logo":{"@type":"ImageObject","inLanguage":"en-US","@id":"https:\/\/viresformacion.com\/#\/schema\/logo\/image\/","url":"https:\/\/viresformacion.com\/wp-content\/uploads\/2024\/09\/logo.png","contentUrl":"https:\/\/viresformacion.com\/wp-content\/uploads\/2024\/09\/logo.png","width":946,"height":890,"caption":"ViresFormacion"},"image":{"@id":"https:\/\/viresformacion.com\/#\/schema\/logo\/image\/"},"sameAs":["https:\/\/www.facebook.com\/p\/Vires-Formacin-61550945501424\/?locale=es_ES","https:\/\/www.instagram.com\/viresformacion\/?hl=es","https:\/\/es.linkedin.com\/company\/vires-formacion-s-l"]}]}},"_links":{"self":[{"href":"https:\/\/viresformacion.com\/en\/wp-json\/wp\/v2\/pages\/30","targetHints":{"allow":["GET"]}}],"collection":[{"href":"https:\/\/viresformacion.com\/en\/wp-json\/wp\/v2\/pages"}],"about":[{"href":"https:\/\/viresformacion.com\/en\/wp-json\/wp\/v2\/types\/page"}],"author":[{"embeddable":true,"href":"https:\/\/viresformacion.com\/en\/wp-json\/wp\/v2\/users\/1"}],"replies":[{"embeddable":true,"href":"https:\/\/viresformacion.com\/en\/wp-json\/wp\/v2\/comments?post=30"}],"version-history":[{"count":1,"href":"https:\/\/viresformacion.com\/en\/wp-json\/wp\/v2\/pages\/30\/revisions"}],"predecessor-version":[{"id":31,"href":"https:\/\/viresformacion.com\/en\/wp-json\/wp\/v2\/pages\/30\/revisions\/31"}],"wp:attachment":[{"href":"https:\/\/viresformacion.com\/en\/wp-json\/wp\/v2\/media?parent=30"}],"curies":[{"name":"wp","href":"https:\/\/api.w.org\/{rel}","templated":true}]}}