{"id":964,"date":"2025-01-17T09:56:12","date_gmt":"2025-01-17T08:56:12","guid":{"rendered":"https:\/\/viresformacion.com\/?page_id=964"},"modified":"2025-02-04T09:35:06","modified_gmt":"2025-02-04T08:35:06","slug":"sobre-cursos","status":"publish","type":"page","link":"https:\/\/viresformacion.com\/en\/sobre-cursos\/","title":{"rendered":"Sobre Cursos"},"content":{"rendered":"<div data-elementor-type=\"wp-page\" data-elementor-id=\"964\" class=\"elementor elementor-964\">\n\t\t\t\t<div class=\"elementor-element elementor-element-bfcd45d e-flex e-con-boxed wpr-particle-no wpr-jarallax-no wpr-parallax-no wpr-sticky-section-no e-con e-parent\" data-id=\"bfcd45d\" data-element_type=\"container\">\n\t\t\t\t\t<div class=\"e-con-inner\">\n\t\t\t\t<div class=\"elementor-element elementor-element-12b3daf elementor-widget elementor-widget-hfe-breadcrumbs-widget\" data-id=\"12b3daf\" data-element_type=\"widget\" data-widget_type=\"hfe-breadcrumbs-widget.default\">\n\t\t\t\t<div class=\"elementor-widget-container\">\n\t\t\t\t\t<ul class=\"hfe-breadcrumbs hfe-breadcrumbs-show-home\"><li class=\"hfe-breadcrumbs-item hfe-breadcrumbs-first\"><span class=\"hfe-breadcrumbs-home-icon\"><svg aria-hidden=\"true\" class=\"e-font-icon-svg e-fas-home\" viewbox=\"0 0 576 512\" xmlns=\"http:\/\/www.w3.org\/2000\/svg\"><path d=\"M280.37 148.26L96 300.11V464a16 16 0 0 0 16 16l112.06-.29a16 16 0 0 0 15.92-16V368a16 16 0 0 1 16-16h64a16 16 0 0 1 16 16v95.64a16 16 0 0 0 16 16.05L464 480a16 16 0 0 0 16-16V300L295.67 148.26a12.19 12.19 0 0 0-15.3 0zM571.6 251.47L488 182.56V44.05a12 12 0 0 0-12-12h-56a12 12 0 0 0-12 12v72.61L318.47 43a48 48 0 0 0-61 0L4.34 251.47a12 12 0 0 0-1.6 16.9l25.5 31A12 12 0 0 0 45.15 301l235.22-193.74a12.19 12.19 0 0 1 15.3 0L530.9 301a12 12 0 0 0 16.9-1.6l25.5-31a12 12 0 0 0-1.7-16.93z\"><\/path><\/svg><\/span><a href=\"https:\/\/viresformacion.com\/en\"><span class=\"hfe-breadcrumbs-text\">Start<\/span><\/a><\/li><\/ul>\t\t\t\t<\/div>\n\t\t\t\t<\/div>\n\t\t\t\t\t<\/div>\n\t\t\t\t<\/div>\n\t\t<div class=\"elementor-element elementor-element-d1fb943 e-flex e-con-boxed wpr-particle-no wpr-jarallax-no wpr-parallax-no wpr-sticky-section-no e-con e-parent\" data-id=\"d1fb943\" data-element_type=\"container\">\n\t\t\t\t\t<div class=\"e-con-inner\">\n\t\t\t\t<div class=\"elementor-element elementor-element-d3002f1 elementor-widget elementor-widget-heading\" data-id=\"d3002f1\" data-element_type=\"widget\" data-widget_type=\"heading.default\">\n\t\t\t\t<div class=\"elementor-widget-container\">\n\t\t\t\t\t<h1 class=\"elementor-heading-title elementor-size-default\">Niveles de acceso a nuestros cursos<\/h1>\t\t\t\t<\/div>\n\t\t\t\t<\/div>\n\t\t\t\t<div class=\"elementor-element elementor-element-e3967e2 elementor-widget-divider--view-line elementor-widget elementor-widget-divider\" data-id=\"e3967e2\" data-element_type=\"widget\" data-widget_type=\"divider.default\">\n\t\t\t\t<div class=\"elementor-widget-container\">\n\t\t\t\t\t\t\t<div class=\"elementor-divider\">\n\t\t\t<span class=\"elementor-divider-separator\">\n\t\t\t\t\t\t<\/span>\n\t\t<\/div>\n\t\t\t\t\t\t<\/div>\n\t\t\t\t<\/div>\n\t\t\t\t\t<\/div>\n\t\t\t\t<\/div>\n\t\t<div class=\"elementor-element elementor-element-384c026 e-flex e-con-boxed wpr-particle-no wpr-jarallax-no wpr-parallax-no wpr-sticky-section-no e-con e-parent\" data-id=\"384c026\" data-element_type=\"container\">\n\t\t\t\t\t<div class=\"e-con-inner\">\n\t\t\t\t<div class=\"elementor-element elementor-element-0fe90b4 elementor-widget elementor-widget-text-editor\" data-id=\"0fe90b4\" data-element_type=\"widget\" data-widget_type=\"text-editor.default\">\n\t\t\t\t<div class=\"elementor-widget-container\">\n\t\t\t\t\t\t\t\t\t<h2 style=\"text-align: center;\"><strong>REQUISITOS DE ACCESO A LOS CERTIFICADOS DE PROFESIONALIDAD<\/strong><\/h2><p>De acuerdo con el <strong>Real Decreto 659\/2023, de 18 de julio<\/strong>, se establecen los requisitos de acceso a los certificados de profesionalidad seg\u00fan el nivel de cualificaci\u00f3n profesional. Cada nivel indica la complejidad de las competencias profesionales que se contemplan en la especialidad formativa.<\/p><h3><strong>NIVEL 1<\/strong><\/h3><p>No se exigen requisitos acad\u00e9micos ni profesionales, aunque se deben poseer las habilidades de comunicaci\u00f3n ling\u00fc\u00edstica suficientes que permitan el aprendizaje.<\/p><h3><strong>NIVEL<\/strong><strong> 2<\/strong><\/h3><p>Para acceder a certificados profesionales de nivel 2, se debe cumplir al menos uno de los siguientes requisitos:<\/p><ul><li><strong>T\u00edtulo de Graduado en Educaci\u00f3n Secundaria Obligatoria<\/strong> o equivalente a efectos de acceso.<\/li><li><strong>T\u00edtulo de T\u00e9cnico B\u00e1sico<\/strong>.<\/li><li><strong>Certificado de profesionalidad de nivel 2<\/strong>.<\/li><li><strong>Certificado de profesionalidad de nivel 1<\/strong> de la misma familia y \u00e1rea profesional.<\/li><li><strong>Certificado de Competencia<\/strong> incluido en la oferta a realizar.<\/li><li><strong>Haber superado una prueba de acceso<\/strong> a ciclos formativos de grado medio.<\/li><li><strong>Haber superado la prueba de acceso a la universidad<\/strong> para mayores de 25 a\u00f1os y\/o de 45 a\u00f1os.<\/li><li><strong>Haber superado un curso de formaci\u00f3n espec\u00edfico preparatorio<\/strong> para el acceso a ciclos formativos de grado medio en centros p\u00fablicos o privados autorizados por la Administraci\u00f3n educativa.<\/li><li><strong>Tener acreditadas las competencias clave necesarias<\/strong>: lengua castellana, matem\u00e1ticas e ingl\u00e9s (en su caso), conforme al Anexo IV del Real Decreto 34\/2008.<\/li><\/ul><h3><strong>NIVEL<\/strong><strong> 3<\/strong><\/h3><p>Para acceder a certificados profesionales de nivel 3, se debe cumplir al menos uno de los siguientes requisitos:<\/p><ul><li><strong>T\u00edtulo de Bachiller<\/strong> o equivalente a efectos de acceso.<\/li><li><strong>T\u00edtulo de T\u00e9cnico Superior<\/strong>.<\/li><li><strong>T\u00edtulo de T\u00e9cnico (grado medio)<\/strong>.<\/li><li><strong>Haber superado los estudios conducentes al t\u00edtulo de Bachiller<\/strong> regulado por la Ley 14\/1970 o certificaci\u00f3n acad\u00e9mica de la superaci\u00f3n de todas las asignaturas conducentes a su obtenci\u00f3n tras finalizar el tercer curso de dichas ense\u00f1anzas.<\/li><li><strong>Certificado de profesionalidad de nivel 2<\/strong> de la misma familia y \u00e1rea profesional.<\/li><li><strong>Certificado de profesionalidad de nivel 3<\/strong>.<\/li><li><strong>Certificado de Competencia<\/strong> incluido en la oferta a realizar.<\/li><li><strong>Haber superado una prueba de acceso<\/strong> a ciclos formativos de grado superior.<\/li><li><strong>Haber superado la prueba de acceso a la universidad<\/strong> para mayores de 25 a\u00f1os y\/o de 45 a\u00f1os.<\/li><li><strong>Haber superado un curso de formaci\u00f3n espec\u00edfico preparatorio<\/strong> para el acceso a ciclos de grado superior en centros p\u00fablicos o privados autorizados por la Administraci\u00f3n educativa.<\/li><li><strong>Tener acreditadas las competencias clave necesarias<\/strong>: lengua castellana, matem\u00e1ticas e ingl\u00e9s (en su caso), conforme al Anexo IV del Real Decreto 34\/2008.<\/li><\/ul><h3><strong>Acceso a otras acciones formativas<\/strong><\/h3><p>Si la acci\u00f3n formativa <strong>no conduce a un certificado de profesionalidad<\/strong>, los requisitos de acceso se recogen en cada uno de los programas formativos que regulan la especialidad. En el caso de que el programa formativo exija la realizaci\u00f3n de una prueba de acceso, ser\u00e1 requisito imprescindible la superaci\u00f3n de la misma.<\/p>\t\t\t\t\t\t\t\t<\/div>\n\t\t\t\t<\/div>\n\t\t\t\t\t<\/div>\n\t\t\t\t<\/div>\n\t\t\t\t<\/div>","protected":false},"excerpt":{"rendered":"<p>Inicio Niveles de acceso a nuestros cursos REQUISITOS DE ACCESO A LOS CERTIFICADOS DE PROFESIONALIDAD De acuerdo con el Real Decreto 659\/2023, de 18 de julio, se establecen los requisitos de acceso a los certificados de profesionalidad seg\u00fan el nivel de cualificaci\u00f3n profesional. Cada nivel indica la complejidad de las competencias profesionales que se contemplan en la especialidad formativa. NIVEL 1 No se exigen requisitos acad\u00e9micos ni profesionales, aunque se deben poseer las habilidades de<\/p>","protected":false},"author":2,"featured_media":0,"parent":0,"menu_order":0,"comment_status":"closed","ping_status":"closed","template":"","meta":{"footnotes":""},"class_list":["post-964","page","type-page","status-publish","hentry"],"yoast_head":"<!-- This site is optimized with the Yoast SEO plugin v24.4 - https:\/\/yoast.com\/wordpress\/plugins\/seo\/ -->\n<title>Sobre Cursos - ViresFormacion<\/title>\n<meta name=\"description\" content=\"Explora nuestra oferta de cursos en Vires Formaci\u00f3n. Formaci\u00f3n profesional de calidad para impulsar tu carrera. \u00a1Inf\u00f3rmate y matric\u00falate hoy!\" \/>\n<meta name=\"robots\" content=\"index, follow, max-snippet:-1, max-image-preview:large, max-video-preview:-1\" \/>\n<link rel=\"canonical\" href=\"https:\/\/viresformacion.com\/en\/sobre-cursos\/\" \/>\n<meta property=\"og:locale\" content=\"en_US\" \/>\n<meta property=\"og:type\" content=\"article\" \/>\n<meta property=\"og:title\" content=\"Sobre Cursos - ViresFormacion\" \/>\n<meta property=\"og:description\" content=\"Explora nuestra oferta de cursos en Vires Formaci\u00f3n. Formaci\u00f3n profesional de calidad para impulsar tu carrera. \u00a1Inf\u00f3rmate y matric\u00falate hoy!\" \/>\n<meta property=\"og:url\" content=\"https:\/\/viresformacion.com\/en\/sobre-cursos\/\" \/>\n<meta property=\"og:site_name\" content=\"ViresFormacion\" \/>\n<meta property=\"article:publisher\" content=\"https:\/\/www.facebook.com\/p\/Vires-Formacin-61550945501424\/?locale=es_ES\" \/>\n<meta property=\"article:modified_time\" content=\"2025-02-04T08:35:06+00:00\" \/>\n<meta name=\"twitter:card\" content=\"summary_large_image\" \/>\n<meta name=\"twitter:label1\" content=\"Est. reading time\" \/>\n\t<meta name=\"twitter:data1\" content=\"3 minutes\" \/>\n<script type=\"application\/ld+json\" class=\"yoast-schema-graph\">{\"@context\":\"https:\/\/schema.org\",\"@graph\":[{\"@type\":\"WebPage\",\"@id\":\"https:\/\/viresformacion.com\/sobre-cursos\/\",\"url\":\"https:\/\/viresformacion.com\/sobre-cursos\/\",\"name\":\"Sobre Cursos - ViresFormacion\",\"isPartOf\":{\"@id\":\"https:\/\/viresformacion.com\/#website\"},\"datePublished\":\"2025-01-17T08:56:12+00:00\",\"dateModified\":\"2025-02-04T08:35:06+00:00\",\"description\":\"Explora nuestra oferta de cursos en Vires Formaci\u00f3n. Formaci\u00f3n profesional de calidad para impulsar tu carrera. \u00a1Inf\u00f3rmate y matric\u00falate hoy!\",\"breadcrumb\":{\"@id\":\"https:\/\/viresformacion.com\/sobre-cursos\/#breadcrumb\"},\"inLanguage\":\"en-US\",\"potentialAction\":[{\"@type\":\"ReadAction\",\"target\":[\"https:\/\/viresformacion.com\/sobre-cursos\/\"]}]},{\"@type\":\"BreadcrumbList\",\"@id\":\"https:\/\/viresformacion.com\/sobre-cursos\/#breadcrumb\",\"itemListElement\":[{\"@type\":\"ListItem\",\"position\":1,\"name\":\"Portada\",\"item\":\"https:\/\/viresformacion.com\/\"},{\"@type\":\"ListItem\",\"position\":2,\"name\":\"Sobre Cursos\"}]},{\"@type\":\"WebSite\",\"@id\":\"https:\/\/viresformacion.com\/#website\",\"url\":\"https:\/\/viresformacion.com\/\",\"name\":\"ViresFormacion\",\"description\":\"Formaci\u00f3n\",\"publisher\":{\"@id\":\"https:\/\/viresformacion.com\/#organization\"},\"potentialAction\":[{\"@type\":\"SearchAction\",\"target\":{\"@type\":\"EntryPoint\",\"urlTemplate\":\"https:\/\/viresformacion.com\/?s={search_term_string}\"},\"query-input\":{\"@type\":\"PropertyValueSpecification\",\"valueRequired\":true,\"valueName\":\"search_term_string\"}}],\"inLanguage\":\"en-US\"},{\"@type\":\"Organization\",\"@id\":\"https:\/\/viresformacion.com\/#organization\",\"name\":\"ViresFormacion\",\"url\":\"https:\/\/viresformacion.com\/\",\"logo\":{\"@type\":\"ImageObject\",\"inLanguage\":\"en-US\",\"@id\":\"https:\/\/viresformacion.com\/#\/schema\/logo\/image\/\",\"url\":\"https:\/\/viresformacion.com\/wp-content\/uploads\/2024\/09\/logo.png\",\"contentUrl\":\"https:\/\/viresformacion.com\/wp-content\/uploads\/2024\/09\/logo.png\",\"width\":946,\"height\":890,\"caption\":\"ViresFormacion\"},\"image\":{\"@id\":\"https:\/\/viresformacion.com\/#\/schema\/logo\/image\/\"},\"sameAs\":[\"https:\/\/www.facebook.com\/p\/Vires-Formacin-61550945501424\/?locale=es_ES\",\"https:\/\/www.instagram.com\/viresformacion\/?hl=es\",\"https:\/\/es.linkedin.com\/company\/vires-formacion-s-l\"]}]}<\/script>\n<!-- \/ Yoast SEO plugin. -->","yoast_head_json":{"title":"Sobre Cursos - ViresFormacion","description":"Explora nuestra oferta de cursos en Vires Formaci\u00f3n. Formaci\u00f3n profesional de calidad para impulsar tu carrera. \u00a1Inf\u00f3rmate y matric\u00falate hoy!","robots":{"index":"index","follow":"follow","max-snippet":"max-snippet:-1","max-image-preview":"max-image-preview:large","max-video-preview":"max-video-preview:-1"},"canonical":"https:\/\/viresformacion.com\/en\/sobre-cursos\/","og_locale":"en_US","og_type":"article","og_title":"Sobre Cursos - ViresFormacion","og_description":"Explora nuestra oferta de cursos en Vires Formaci\u00f3n. Formaci\u00f3n profesional de calidad para impulsar tu carrera. \u00a1Inf\u00f3rmate y matric\u00falate hoy!","og_url":"https:\/\/viresformacion.com\/en\/sobre-cursos\/","og_site_name":"ViresFormacion","article_publisher":"https:\/\/www.facebook.com\/p\/Vires-Formacin-61550945501424\/?locale=es_ES","article_modified_time":"2025-02-04T08:35:06+00:00","twitter_card":"summary_large_image","twitter_misc":{"Est. reading time":"3 minutes"},"schema":{"@context":"https:\/\/schema.org","@graph":[{"@type":"WebPage","@id":"https:\/\/viresformacion.com\/sobre-cursos\/","url":"https:\/\/viresformacion.com\/sobre-cursos\/","name":"Sobre Cursos - ViresFormacion","isPartOf":{"@id":"https:\/\/viresformacion.com\/#website"},"datePublished":"2025-01-17T08:56:12+00:00","dateModified":"2025-02-04T08:35:06+00:00","description":"Explora nuestra oferta de cursos en Vires Formaci\u00f3n. Formaci\u00f3n profesional de calidad para impulsar tu carrera. \u00a1Inf\u00f3rmate y matric\u00falate hoy!","breadcrumb":{"@id":"https:\/\/viresformacion.com\/sobre-cursos\/#breadcrumb"},"inLanguage":"en-US","potentialAction":[{"@type":"ReadAction","target":["https:\/\/viresformacion.com\/sobre-cursos\/"]}]},{"@type":"BreadcrumbList","@id":"https:\/\/viresformacion.com\/sobre-cursos\/#breadcrumb","itemListElement":[{"@type":"ListItem","position":1,"name":"Portada","item":"https:\/\/viresformacion.com\/"},{"@type":"ListItem","position":2,"name":"Sobre Cursos"}]},{"@type":"WebSite","@id":"https:\/\/viresformacion.com\/#website","url":"https:\/\/viresformacion.com\/","name":"ViresFormacion","description":"Formaci\u00f3n","publisher":{"@id":"https:\/\/viresformacion.com\/#organization"},"potentialAction":[{"@type":"SearchAction","target":{"@type":"EntryPoint","urlTemplate":"https:\/\/viresformacion.com\/?s={search_term_string}"},"query-input":{"@type":"PropertyValueSpecification","valueRequired":true,"valueName":"search_term_string"}}],"inLanguage":"en-US"},{"@type":"Organization","@id":"https:\/\/viresformacion.com\/#organization","name":"ViresFormacion","url":"https:\/\/viresformacion.com\/","logo":{"@type":"ImageObject","inLanguage":"en-US","@id":"https:\/\/viresformacion.com\/#\/schema\/logo\/image\/","url":"https:\/\/viresformacion.com\/wp-content\/uploads\/2024\/09\/logo.png","contentUrl":"https:\/\/viresformacion.com\/wp-content\/uploads\/2024\/09\/logo.png","width":946,"height":890,"caption":"ViresFormacion"},"image":{"@id":"https:\/\/viresformacion.com\/#\/schema\/logo\/image\/"},"sameAs":["https:\/\/www.facebook.com\/p\/Vires-Formacin-61550945501424\/?locale=es_ES","https:\/\/www.instagram.com\/viresformacion\/?hl=es","https:\/\/es.linkedin.com\/company\/vires-formacion-s-l"]}]}},"_links":{"self":[{"href":"https:\/\/viresformacion.com\/en\/wp-json\/wp\/v2\/pages\/964","targetHints":{"allow":["GET"]}}],"collection":[{"href":"https:\/\/viresformacion.com\/en\/wp-json\/wp\/v2\/pages"}],"about":[{"href":"https:\/\/viresformacion.com\/en\/wp-json\/wp\/v2\/types\/page"}],"author":[{"embeddable":true,"href":"https:\/\/viresformacion.com\/en\/wp-json\/wp\/v2\/users\/2"}],"replies":[{"embeddable":true,"href":"https:\/\/viresformacion.com\/en\/wp-json\/wp\/v2\/comments?post=964"}],"version-history":[{"count":35,"href":"https:\/\/viresformacion.com\/en\/wp-json\/wp\/v2\/pages\/964\/revisions"}],"predecessor-version":[{"id":1482,"href":"https:\/\/viresformacion.com\/en\/wp-json\/wp\/v2\/pages\/964\/revisions\/1482"}],"wp:attachment":[{"href":"https:\/\/viresformacion.com\/en\/wp-json\/wp\/v2\/media?parent=964"}],"curies":[{"name":"wp","href":"https:\/\/api.w.org\/{rel}","templated":true}]}}