{"id":463,"date":"2024-09-09T08:58:46","date_gmt":"2024-09-09T08:58:46","guid":{"rendered":"https:\/\/viresformacion.com\/?post_type=product&#038;p=463"},"modified":"2025-08-07T17:21:28","modified_gmt":"2025-08-07T16:21:28","slug":"sistemas-de-gestion-de-informacion-ifcd0211","status":"publish","type":"product","link":"https:\/\/viresformacion.com\/en\/formacion\/sistemas-de-gestion-de-informacion-ifcd0211\/","title":{"rendered":"Information management systems \u2013 IFCD0211"},"content":{"rendered":"<h2 data-start=\"204\" data-end=\"228\">\ud83c\udf93 Titulaci\u00f3n Oficial<\/h2>\n<p data-start=\"107\" data-end=\"237\">\ud83d\udccd Presencial \u2013 Vires Formaci\u00f3n, Avd. Iberoam\u00e9rica 11 Bajo<\/p>\n<hr data-start=\"239\" data-end=\"242\" \/>\n<p data-start=\"244\" data-end=\"359\">\ud83d\udcdd <strong data-start=\"247\" data-end=\"261\">REQUISITOS<\/strong><br data-start=\"261\" data-end=\"264\" \/>+18 a\u00f1os<br data-start=\"272\" data-end=\"275\" \/>Bachillerato o equivalente (deber\u00e1s enviar copia)<br data-start=\"324\" data-end=\"327\" \/>Personas desempleadas u ocupadas<\/p>\n<hr data-start=\"361\" data-end=\"364\" \/>\n<p data-start=\"366\" data-end=\"420\">\u23f1 <strong data-start=\"368\" data-end=\"380\">DURACI\u00d3N<\/strong><br data-start=\"380\" data-end=\"383\" \/>590 horas (510 teor\u00eda + 80 pr\u00e1cticas)<\/p>\n<hr data-start=\"422\" data-end=\"425\" \/>\n<p data-start=\"427\" data-end=\"474\">\ud83d\udccc <strong data-start=\"430\" data-end=\"450\">PLAZAS LIMITADAS<\/strong><br data-start=\"450\" data-end=\"453\" \/>M\u00e1x. 15 participantes<\/p>\n<hr data-start=\"476\" data-end=\"479\" \/>\n<p data-start=\"481\" data-end=\"534\">\ud83c\udf81 <strong data-start=\"484\" data-end=\"498\">BENEFICIOS<\/strong><br data-start=\"498\" data-end=\"501\" \/>Posibilidad de becas al finalizar<\/p>\n<hr data-start=\"536\" data-end=\"539\" \/>\n<p data-start=\"481\" data-end=\"534\">\ud83d\udce2 <strong data-start=\"544\" data-end=\"559\">INSCRIPCI\u00d3N<\/strong><br data-start=\"559\" data-end=\"562\" \/>El plazo para el Certificado <strong>IFCD0211<\/strong>\u00a0finaliza el 15 de Septiembre.<br data-start=\"626\" data-end=\"629\" \/>Solo 15 plazas, se priorizan por orden de inscripci\u00f3n.<\/p>\n<hr data-start=\"536\" data-end=\"539\" \/>\n<h2 data-start=\"729\" data-end=\"757\">\ud83d\udce4 Env\u00edo de Documentaci\u00f3n<\/h2>\n<p data-start=\"759\" data-end=\"856\">Para formalizar tu inscripci\u00f3n, deber\u00e1s enviar por correo electr\u00f3nico la siguiente documentaci\u00f3n:<\/p>\n<p data-start=\"858\" data-end=\"983\">\u2705 <strong data-start=\"860\" data-end=\"873\">Anexo PDF<\/strong> (<a href=\"https:\/\/viresformacion.com\/wp-content\/uploads\/2025\/01\/ANEXO-III.pdf\" target=\"_blank\" rel=\"noopener\">descargable<\/a>) correctamente rellenado<br data-start=\"913\" data-end=\"916\" \/>\u2705 <strong data-start=\"918\" data-end=\"935\">DNI escaneado<br \/>\n<\/strong>\u2705 <strong>Titulaci\u00f3n Bachillerato o similar<\/strong> (escaneada)<br data-start=\"935\" data-end=\"938\" \/>\u2705 <strong data-start=\"1258\" data-end=\"1297\">Documento como demandante de empleo<\/strong> (DARDE o informe de inscripci\u00f3n actualizado)<\/p>\n<p data-start=\"985\" data-end=\"1066\">\ud83d\udce7 <strong data-start=\"988\" data-end=\"1008\">Correo de env\u00edo:<\/strong><br data-start=\"1008\" data-end=\"1011\" \/><a class=\"cursor-pointer\" rel=\"noopener\" data-start=\"1011\" data-end=\"1066\">rrhh@viresformacion.com<\/a><\/p>\n<hr data-start=\"685\" data-end=\"688\" \/>\n<h2 data-start=\"957\" data-end=\"984\">\ud83d\udcc4 Informaci\u00f3n adicional<\/h2>\n<p data-start=\"986\" data-end=\"1209\">\ud83d\udd39 <a class=\"\" href=\"https:\/\/sede.sepe.gob.es\/es\/portaltrabaja\/resources\/pdf\/especialidades\/IFCD0211.pdf\" target=\"_blank\" rel=\"noopener\" data-start=\"989\" data-end=\"1112\">Ficha T\u00e9cnica (PDF oficial del SEPE)<\/a><br data-start=\"1112\" data-end=\"1115\" \/>\ud83d\udd39 <a class=\"\" href=\"https:\/\/viresformacion.com\/en\/sobre-cursos\/\" target=\"_blank\" rel=\"noopener\" data-start=\"1118\" data-end=\"1209\">Informaci\u00f3n sobre los niveles (Vires Formaci\u00f3n)<\/a><\/p>","protected":false},"excerpt":{"rendered":"<p><strong><em>Titulaci\u00f3n oficial certificado de profesionalidad<\/em><\/strong><\/p>\n<p><span style=\"color: #3366ff;\"><strong>Presencial :Vires Formaci\u00f3n &#8211; Alcal\u00e1 la Real, Ja\u00e9n<\/strong><\/span><\/p>\n<p><strong>Curso Gratuito Subvencionado<\/strong><\/p>\n<p><strong>Salidas profesionales\u00a0<\/strong><\/p>\n<ul>\n<li>Gestor\/a de contenidos<\/li>\n<li>Gestor\/a de portales web<\/li>\n<li>Administrador\/a de sistemas de contenidos<\/li>\n<li>Integrador\/a de sistemas de informaci\u00f3n.<\/li>\n<\/ul>\n<p><strong><img decoding=\"async\" class=\"alignnone wp-image-917\" src=\"https:\/\/viresformacion.com\/wp-content\/uploads\/2025\/01\/JJUNTA.png\" alt=\"\" width=\"96\" height=\"54\" srcset=\"https:\/\/viresformacion.com\/wp-content\/uploads\/2025\/01\/JJUNTA.png 299w, https:\/\/viresformacion.com\/wp-content\/uploads\/2025\/01\/JJUNTA-18x10.png 18w\" sizes=\"(max-width: 96px) 100vw, 96px\" \/> <img decoding=\"async\" class=\"alignnone wp-image-918\" src=\"https:\/\/viresformacion.com\/wp-content\/uploads\/2025\/01\/Logo-Ministerio-de-trabajo--400x106.jpg\" alt=\"\" width=\"181\" height=\"48\" srcset=\"https:\/\/viresformacion.com\/wp-content\/uploads\/2025\/01\/Logo-Ministerio-de-trabajo--400x106.jpg 400w, https:\/\/viresformacion.com\/wp-content\/uploads\/2025\/01\/Logo-Ministerio-de-trabajo--18x5.jpg 18w, https:\/\/viresformacion.com\/wp-content\/uploads\/2025\/01\/Logo-Ministerio-de-trabajo--600x160.jpg 600w, https:\/\/viresformacion.com\/wp-content\/uploads\/2025\/01\/Logo-Ministerio-de-trabajo-.jpg 752w\" sizes=\"(max-width: 181px) 100vw, 181px\" \/><\/strong><\/p>","protected":false},"featured_media":792,"template":"","meta":[],"product_brand":[],"product_cat":[18],"product_tag":[],"class_list":{"0":"post-463","1":"product","2":"type-product","3":"status-publish","4":"has-post-thumbnail","6":"product_cat-certificados-de-profesionalidad","8":"first","9":"instock","10":"virtual","11":"taxable","12":"product-type-simple"},"yoast_head":"<!-- This site is optimized with the Yoast SEO plugin v24.4 - https:\/\/yoast.com\/wordpress\/plugins\/seo\/ -->\n<title>Sistemas de gesti\u00f3n de informaci\u00f3n - IFCD0211 - ViresFormacion<\/title>\n<meta name=\"description\" content=\"Salidas profesionales\u00a0Gestor\/a de contenidos Gestor\/a de portales web Administrador\/a de sistemas de contenidos Integrador\/a de sistemas de informaci\u00f3n.\" \/>\n<meta name=\"robots\" content=\"index, follow, max-snippet:-1, max-image-preview:large, max-video-preview:-1\" \/>\n<link rel=\"canonical\" href=\"https:\/\/viresformacion.com\/en\/formacion\/sistemas-de-gestion-de-informacion-ifcd0211\/\" \/>\n<meta property=\"og:locale\" content=\"en_US\" \/>\n<meta property=\"og:type\" content=\"article\" \/>\n<meta property=\"og:title\" content=\"Sistemas de gesti\u00f3n de informaci\u00f3n - IFCD0211 - ViresFormacion\" \/>\n<meta property=\"og:description\" content=\"Salidas profesionales\u00a0Gestor\/a de contenidos Gestor\/a de portales web Administrador\/a de sistemas de contenidos Integrador\/a de sistemas de informaci\u00f3n.\" \/>\n<meta property=\"og:url\" content=\"https:\/\/viresformacion.com\/en\/formacion\/sistemas-de-gestion-de-informacion-ifcd0211\/\" \/>\n<meta property=\"og:site_name\" content=\"ViresFormacion\" \/>\n<meta property=\"article:publisher\" content=\"https:\/\/www.facebook.com\/p\/Vires-Formacin-61550945501424\/?locale=es_ES\" \/>\n<meta property=\"article:modified_time\" content=\"2025-08-07T16:21:28+00:00\" \/>\n<meta property=\"og:image\" content=\"https:\/\/viresformacion.com\/wp-content\/uploads\/2024\/09\/Plantilla-Logos-WP-Sistemas-de-gestion.png\" \/>\n\t<meta property=\"og:image:width\" content=\"500\" \/>\n\t<meta property=\"og:image:height\" content=\"500\" \/>\n\t<meta property=\"og:image:type\" content=\"image\/png\" \/>\n<meta name=\"twitter:card\" content=\"summary_large_image\" \/>\n<meta name=\"twitter:label1\" content=\"Est. reading time\" \/>\n\t<meta name=\"twitter:data1\" content=\"1 minute\" \/>\n<script type=\"application\/ld+json\" class=\"yoast-schema-graph\">{\"@context\":\"https:\/\/schema.org\",\"@graph\":[{\"@type\":\"WebPage\",\"@id\":\"https:\/\/viresformacion.com\/formacion\/sistemas-de-gestion-de-informacion-ifcd0211\/\",\"url\":\"https:\/\/viresformacion.com\/formacion\/sistemas-de-gestion-de-informacion-ifcd0211\/\",\"name\":\"Sistemas de gesti\u00f3n de informaci\u00f3n - IFCD0211 - ViresFormacion\",\"isPartOf\":{\"@id\":\"https:\/\/viresformacion.com\/#website\"},\"primaryImageOfPage\":{\"@id\":\"https:\/\/viresformacion.com\/formacion\/sistemas-de-gestion-de-informacion-ifcd0211\/#primaryimage\"},\"image\":{\"@id\":\"https:\/\/viresformacion.com\/formacion\/sistemas-de-gestion-de-informacion-ifcd0211\/#primaryimage\"},\"thumbnailUrl\":\"https:\/\/viresformacion.com\/wp-content\/uploads\/2024\/09\/Plantilla-Logos-WP-Sistemas-de-gestion.png\",\"datePublished\":\"2024-09-09T08:58:46+00:00\",\"dateModified\":\"2025-08-07T16:21:28+00:00\",\"description\":\"Salidas profesionales\u00a0Gestor\/a de contenidos Gestor\/a de portales web Administrador\/a de sistemas de contenidos Integrador\/a de sistemas de informaci\u00f3n.\",\"breadcrumb\":{\"@id\":\"https:\/\/viresformacion.com\/formacion\/sistemas-de-gestion-de-informacion-ifcd0211\/#breadcrumb\"},\"inLanguage\":\"en-US\",\"potentialAction\":[{\"@type\":\"ReadAction\",\"target\":[\"https:\/\/viresformacion.com\/formacion\/sistemas-de-gestion-de-informacion-ifcd0211\/\"]}]},{\"@type\":\"ImageObject\",\"inLanguage\":\"en-US\",\"@id\":\"https:\/\/viresformacion.com\/formacion\/sistemas-de-gestion-de-informacion-ifcd0211\/#primaryimage\",\"url\":\"https:\/\/viresformacion.com\/wp-content\/uploads\/2024\/09\/Plantilla-Logos-WP-Sistemas-de-gestion.png\",\"contentUrl\":\"https:\/\/viresformacion.com\/wp-content\/uploads\/2024\/09\/Plantilla-Logos-WP-Sistemas-de-gestion.png\",\"width\":500,\"height\":500},{\"@type\":\"BreadcrumbList\",\"@id\":\"https:\/\/viresformacion.com\/formacion\/sistemas-de-gestion-de-informacion-ifcd0211\/#breadcrumb\",\"itemListElement\":[{\"@type\":\"ListItem\",\"position\":1,\"name\":\"Portada\",\"item\":\"https:\/\/viresformacion.com\/\"},{\"@type\":\"ListItem\",\"position\":2,\"name\":\"Cursos\",\"item\":\"https:\/\/viresformacion.com\/cursos\/\"},{\"@type\":\"ListItem\",\"position\":3,\"name\":\"Sistemas de gesti\u00f3n de informaci\u00f3n &#8211; IFCD0211\"}]},{\"@type\":\"WebSite\",\"@id\":\"https:\/\/viresformacion.com\/#website\",\"url\":\"https:\/\/viresformacion.com\/\",\"name\":\"ViresFormacion\",\"description\":\"Formaci\u00f3n\",\"publisher\":{\"@id\":\"https:\/\/viresformacion.com\/#organization\"},\"potentialAction\":[{\"@type\":\"SearchAction\",\"target\":{\"@type\":\"EntryPoint\",\"urlTemplate\":\"https:\/\/viresformacion.com\/?s={search_term_string}\"},\"query-input\":{\"@type\":\"PropertyValueSpecification\",\"valueRequired\":true,\"valueName\":\"search_term_string\"}}],\"inLanguage\":\"en-US\"},{\"@type\":\"Organization\",\"@id\":\"https:\/\/viresformacion.com\/#organization\",\"name\":\"ViresFormacion\",\"url\":\"https:\/\/viresformacion.com\/\",\"logo\":{\"@type\":\"ImageObject\",\"inLanguage\":\"en-US\",\"@id\":\"https:\/\/viresformacion.com\/#\/schema\/logo\/image\/\",\"url\":\"https:\/\/viresformacion.com\/wp-content\/uploads\/2024\/09\/logo.png\",\"contentUrl\":\"https:\/\/viresformacion.com\/wp-content\/uploads\/2024\/09\/logo.png\",\"width\":946,\"height\":890,\"caption\":\"ViresFormacion\"},\"image\":{\"@id\":\"https:\/\/viresformacion.com\/#\/schema\/logo\/image\/\"},\"sameAs\":[\"https:\/\/www.facebook.com\/p\/Vires-Formacin-61550945501424\/?locale=es_ES\",\"https:\/\/www.instagram.com\/viresformacion\/?hl=es\",\"https:\/\/es.linkedin.com\/company\/vires-formacion-s-l\"]}]}<\/script>\n<!-- \/ Yoast SEO plugin. -->","yoast_head_json":{"title":"Sistemas de gesti\u00f3n de informaci\u00f3n - IFCD0211 - ViresFormacion","description":"Salidas profesionales\u00a0Gestor\/a de contenidos Gestor\/a de portales web Administrador\/a de sistemas de contenidos Integrador\/a de sistemas de informaci\u00f3n.","robots":{"index":"index","follow":"follow","max-snippet":"max-snippet:-1","max-image-preview":"max-image-preview:large","max-video-preview":"max-video-preview:-1"},"canonical":"https:\/\/viresformacion.com\/en\/formacion\/sistemas-de-gestion-de-informacion-ifcd0211\/","og_locale":"en_US","og_type":"article","og_title":"Sistemas de gesti\u00f3n de informaci\u00f3n - IFCD0211 - ViresFormacion","og_description":"Salidas profesionales\u00a0Gestor\/a de contenidos Gestor\/a de portales web Administrador\/a de sistemas de contenidos Integrador\/a de sistemas de informaci\u00f3n.","og_url":"https:\/\/viresformacion.com\/en\/formacion\/sistemas-de-gestion-de-informacion-ifcd0211\/","og_site_name":"ViresFormacion","article_publisher":"https:\/\/www.facebook.com\/p\/Vires-Formacin-61550945501424\/?locale=es_ES","article_modified_time":"2025-08-07T16:21:28+00:00","og_image":[{"width":500,"height":500,"url":"https:\/\/viresformacion.com\/wp-content\/uploads\/2024\/09\/Plantilla-Logos-WP-Sistemas-de-gestion.png","type":"image\/png"}],"twitter_card":"summary_large_image","twitter_misc":{"Est. reading time":"1 minute"},"schema":{"@context":"https:\/\/schema.org","@graph":[{"@type":"WebPage","@id":"https:\/\/viresformacion.com\/formacion\/sistemas-de-gestion-de-informacion-ifcd0211\/","url":"https:\/\/viresformacion.com\/formacion\/sistemas-de-gestion-de-informacion-ifcd0211\/","name":"Sistemas de gesti\u00f3n de informaci\u00f3n - IFCD0211 - ViresFormacion","isPartOf":{"@id":"https:\/\/viresformacion.com\/#website"},"primaryImageOfPage":{"@id":"https:\/\/viresformacion.com\/formacion\/sistemas-de-gestion-de-informacion-ifcd0211\/#primaryimage"},"image":{"@id":"https:\/\/viresformacion.com\/formacion\/sistemas-de-gestion-de-informacion-ifcd0211\/#primaryimage"},"thumbnailUrl":"https:\/\/viresformacion.com\/wp-content\/uploads\/2024\/09\/Plantilla-Logos-WP-Sistemas-de-gestion.png","datePublished":"2024-09-09T08:58:46+00:00","dateModified":"2025-08-07T16:21:28+00:00","description":"Salidas profesionales\u00a0Gestor\/a de contenidos Gestor\/a de portales web Administrador\/a de sistemas de contenidos Integrador\/a de sistemas de informaci\u00f3n.","breadcrumb":{"@id":"https:\/\/viresformacion.com\/formacion\/sistemas-de-gestion-de-informacion-ifcd0211\/#breadcrumb"},"inLanguage":"en-US","potentialAction":[{"@type":"ReadAction","target":["https:\/\/viresformacion.com\/formacion\/sistemas-de-gestion-de-informacion-ifcd0211\/"]}]},{"@type":"ImageObject","inLanguage":"en-US","@id":"https:\/\/viresformacion.com\/formacion\/sistemas-de-gestion-de-informacion-ifcd0211\/#primaryimage","url":"https:\/\/viresformacion.com\/wp-content\/uploads\/2024\/09\/Plantilla-Logos-WP-Sistemas-de-gestion.png","contentUrl":"https:\/\/viresformacion.com\/wp-content\/uploads\/2024\/09\/Plantilla-Logos-WP-Sistemas-de-gestion.png","width":500,"height":500},{"@type":"BreadcrumbList","@id":"https:\/\/viresformacion.com\/formacion\/sistemas-de-gestion-de-informacion-ifcd0211\/#breadcrumb","itemListElement":[{"@type":"ListItem","position":1,"name":"Portada","item":"https:\/\/viresformacion.com\/"},{"@type":"ListItem","position":2,"name":"Cursos","item":"https:\/\/viresformacion.com\/cursos\/"},{"@type":"ListItem","position":3,"name":"Sistemas de gesti\u00f3n de informaci\u00f3n &#8211; IFCD0211"}]},{"@type":"WebSite","@id":"https:\/\/viresformacion.com\/#website","url":"https:\/\/viresformacion.com\/","name":"ViresFormacion","description":"Formaci\u00f3n","publisher":{"@id":"https:\/\/viresformacion.com\/#organization"},"potentialAction":[{"@type":"SearchAction","target":{"@type":"EntryPoint","urlTemplate":"https:\/\/viresformacion.com\/?s={search_term_string}"},"query-input":{"@type":"PropertyValueSpecification","valueRequired":true,"valueName":"search_term_string"}}],"inLanguage":"en-US"},{"@type":"Organization","@id":"https:\/\/viresformacion.com\/#organization","name":"ViresFormacion","url":"https:\/\/viresformacion.com\/","logo":{"@type":"ImageObject","inLanguage":"en-US","@id":"https:\/\/viresformacion.com\/#\/schema\/logo\/image\/","url":"https:\/\/viresformacion.com\/wp-content\/uploads\/2024\/09\/logo.png","contentUrl":"https:\/\/viresformacion.com\/wp-content\/uploads\/2024\/09\/logo.png","width":946,"height":890,"caption":"ViresFormacion"},"image":{"@id":"https:\/\/viresformacion.com\/#\/schema\/logo\/image\/"},"sameAs":["https:\/\/www.facebook.com\/p\/Vires-Formacin-61550945501424\/?locale=es_ES","https:\/\/www.instagram.com\/viresformacion\/?hl=es","https:\/\/es.linkedin.com\/company\/vires-formacion-s-l"]}]}},"_links":{"self":[{"href":"https:\/\/viresformacion.com\/en\/wp-json\/wp\/v2\/product\/463","targetHints":{"allow":["GET"]}}],"collection":[{"href":"https:\/\/viresformacion.com\/en\/wp-json\/wp\/v2\/product"}],"about":[{"href":"https:\/\/viresformacion.com\/en\/wp-json\/wp\/v2\/types\/product"}],"wp:featuredmedia":[{"embeddable":true,"href":"https:\/\/viresformacion.com\/en\/wp-json\/wp\/v2\/media\/792"}],"wp:attachment":[{"href":"https:\/\/viresformacion.com\/en\/wp-json\/wp\/v2\/media?parent=463"}],"wp:term":[{"taxonomy":"product_brand","embeddable":true,"href":"https:\/\/viresformacion.com\/en\/wp-json\/wp\/v2\/product_brand?post=463"},{"taxonomy":"product_cat","embeddable":true,"href":"https:\/\/viresformacion.com\/en\/wp-json\/wp\/v2\/product_cat?post=463"},{"taxonomy":"product_tag","embeddable":true,"href":"https:\/\/viresformacion.com\/en\/wp-json\/wp\/v2\/product_tag?post=463"}],"curies":[{"name":"wp","href":"https:\/\/api.w.org\/{rel}","templated":true}]}}