{"id":703,"date":"2025-01-13T11:34:40","date_gmt":"2025-01-13T10:34:40","guid":{"rendered":"https:\/\/viresformacion.com\/?post_type=product&#038;p=703"},"modified":"2025-08-07T17:26:39","modified_gmt":"2025-08-07T16:26:39","slug":"adgg0408-operaciones-auxiliares-de-servicios-administrativos-y-generales","status":"publish","type":"product","link":"https:\/\/viresformacion.com\/en\/formacion\/adgg0408-operaciones-auxiliares-de-servicios-administrativos-y-generales\/","title":{"rendered":"ADGG0408 &#8211; Operaciones auxiliares de servicios administrativos y generales"},"content":{"rendered":"<h2 data-start=\"204\" data-end=\"228\">\ud83c\udf93 Titulaci\u00f3n Oficial<\/h2>\n<p data-start=\"174\" data-end=\"260\">\ud83d\udccd Presencial \u2013 Vires Formaci\u00f3n, Avd. Iberoam\u00e9rica 11 Bajo<\/p>\n<hr data-start=\"299\" data-end=\"302\" \/>\n<p data-start=\"267\" data-end=\"286\">\ud83d\udcdd <strong data-start=\"270\" data-end=\"284\">REQUISITOS<\/strong><\/p>\n<p data-start=\"289\" data-end=\"299\">+18 a\u00f1os<br \/>\nPersonas desempleadas u ocupadas<\/p>\n<hr data-start=\"536\" data-end=\"539\" \/>\n<p data-start=\"336\" data-end=\"390\">\u23f1 <strong data-start=\"338\" data-end=\"350\">DURACI\u00d3N<\/strong><br data-start=\"350\" data-end=\"353\" \/>430 horas (390 teor\u00eda + 80 pr\u00e1cticas)<\/p>\n<hr data-start=\"536\" data-end=\"539\" \/>\n<p data-start=\"392\" data-end=\"439\">\ud83d\udccc <strong data-start=\"395\" data-end=\"415\">PLAZAS LIMITADAS<\/strong><br data-start=\"415\" data-end=\"418\" \/>M\u00e1x. 15 participantes<\/p>\n<hr data-start=\"536\" data-end=\"539\" \/>\n<p data-start=\"441\" data-end=\"494\">\ud83c\udf81 <strong data-start=\"444\" data-end=\"458\">BENEFICIOS<\/strong><br data-start=\"458\" data-end=\"461\" \/>Posibilidad de becas al finalizar<\/p>\n<hr data-start=\"536\" data-end=\"539\" \/>\n<p data-start=\"481\" data-end=\"534\">\ud83d\udce2 <strong data-start=\"544\" data-end=\"559\">INSCRIPCI\u00d3N<\/strong><br data-start=\"559\" data-end=\"562\" \/>El plazo para el Certificado <strong>ADGG0408<\/strong> finaliza el 15 de Septiembre.<br data-start=\"626\" data-end=\"629\" \/>Solo 15 plazas, se priorizan por orden de inscripci\u00f3n.<\/p>\n<hr data-start=\"724\" data-end=\"727\" \/>\n<h2 data-start=\"729\" data-end=\"757\">\ud83d\udce4 Env\u00edo de Documentaci\u00f3n<\/h2>\n<p data-start=\"759\" data-end=\"856\">Para formalizar tu inscripci\u00f3n, deber\u00e1s enviar por correo electr\u00f3nico la siguiente documentaci\u00f3n:<\/p>\n<p data-start=\"858\" data-end=\"983\">\u2705 <strong data-start=\"860\" data-end=\"873\">Anexo PDF<\/strong> (<a href=\"https:\/\/viresformacion.com\/wp-content\/uploads\/2025\/01\/ANEXO-III.pdf\">descargable<\/a>) correctamente rellenado<br data-start=\"913\" data-end=\"916\" \/>\u2705 <strong data-start=\"918\" data-end=\"935\">DNI escaneado<\/strong><br data-start=\"935\" data-end=\"938\" \/>\u2705 <strong data-start=\"1258\" data-end=\"1297\">Documento como demandante de empleo<\/strong> (DARDE o informe de inscripci\u00f3n actualizado)<\/p>\n<p data-start=\"985\" data-end=\"1066\">\ud83d\udce7 <strong data-start=\"988\" data-end=\"1008\">Correo de env\u00edo:<\/strong><br data-start=\"1008\" data-end=\"1011\" \/><a class=\"cursor-pointer\" rel=\"noopener\" data-start=\"1011\" data-end=\"1066\">rrhh@viresformacion.com<\/a><\/p>\n<hr data-start=\"685\" data-end=\"688\" \/>\n<h2 data-start=\"957\" data-end=\"984\">\ud83d\udcc4 Informaci\u00f3n adicional<\/h2>\n<p data-start=\"986\" data-end=\"1209\">\ud83d\udd39 <a class=\"\" href=\"https:\/\/sede.sepe.gob.es\/es\/portaltrabaja\/resources\/pdf\/especialidades\/ADGG0408.pdf\" target=\"_new\" rel=\"noopener\" data-start=\"989\" data-end=\"1112\">Ficha T\u00e9cnica (PDF oficial del SEPE)<\/a><br data-start=\"1112\" data-end=\"1115\" \/>\ud83d\udd39 <a class=\"\" href=\"https:\/\/viresformacion.com\/en\/sobre-cursos\/\" target=\"_new\" rel=\"noopener\" data-start=\"1118\" data-end=\"1209\">Informaci\u00f3n sobre los niveles (Vires Formaci\u00f3n)<\/a><\/p>\n<p>&nbsp;<\/p>","protected":false},"excerpt":{"rendered":"<p><strong>Curso Gratuito Subvencionado<\/strong><\/p>\n<p><span style=\"color: #3366ff;\"><strong>Presencial :Vires Formaci\u00f3n &#8211; Alcal\u00e1 la Real, Ja\u00e9n<\/strong><\/span><\/p>\n<p>Para el nivel 1, no se exigen requisitos acad\u00e9micos ni profesionales, aunque se han de poseer las habilidades de comunicaci\u00f3n ling\u00fc\u00edstica suficientes que permitan el aprendizaje.<\/p>\n<p>Salidas profesionales:<\/p>\n<ul class=\"i8Z77e\">\n<li class=\"TrT0Xe\">Teleoperadores\/as.<\/li>\n<li class=\"TrT0Xe\">Recepcionistas-telefonistas en oficinas, en\u00a0general.<\/li>\n<li class=\"TrT0Xe\">Clasificadores\/as-repartidores\/as de correspondencia.<\/li>\n<li class=\"TrT0Xe\">Ordenanzas.<\/li>\n<li class=\"TrT0Xe\">Auxiliar de servicios generales.<\/li>\n<li class=\"TrT0Xe\">Auxiliar\u00a0de oficina.<\/li>\n<li class=\"TrT0Xe\">Auxiliar\u00a0de archivo.<\/li>\n<li class=\"TrT0Xe\">Auxiliar\u00a0de informaci\u00f3n<\/li>\n<\/ul>\n<p>Plazas Limitadas: 15 Plazas<\/p>\n<p><img decoding=\"async\" class=\"alignnone wp-image-917\" src=\"https:\/\/viresformacion.com\/wp-content\/uploads\/2025\/01\/JJUNTA.png\" alt=\"\" width=\"96\" height=\"54\" srcset=\"https:\/\/viresformacion.com\/wp-content\/uploads\/2025\/01\/JJUNTA.png 299w, https:\/\/viresformacion.com\/wp-content\/uploads\/2025\/01\/JJUNTA-18x10.png 18w\" sizes=\"(max-width: 96px) 100vw, 96px\" \/> <img decoding=\"async\" class=\"alignnone wp-image-918\" src=\"https:\/\/viresformacion.com\/wp-content\/uploads\/2025\/01\/Logo-Ministerio-de-trabajo--400x106.jpg\" alt=\"\" width=\"181\" height=\"48\" srcset=\"https:\/\/viresformacion.com\/wp-content\/uploads\/2025\/01\/Logo-Ministerio-de-trabajo--400x106.jpg 400w, https:\/\/viresformacion.com\/wp-content\/uploads\/2025\/01\/Logo-Ministerio-de-trabajo--18x5.jpg 18w, https:\/\/viresformacion.com\/wp-content\/uploads\/2025\/01\/Logo-Ministerio-de-trabajo--600x160.jpg 600w, https:\/\/viresformacion.com\/wp-content\/uploads\/2025\/01\/Logo-Ministerio-de-trabajo-.jpg 752w\" sizes=\"(max-width: 181px) 100vw, 181px\" \/><\/p>","protected":false},"featured_media":786,"template":"","meta":[],"product_brand":[],"product_cat":[18],"product_tag":[],"class_list":{"0":"post-703","1":"product","2":"type-product","3":"status-publish","4":"has-post-thumbnail","6":"product_cat-certificados-de-profesionalidad","8":"first","9":"instock","10":"virtual","11":"sold-individually","12":"taxable","13":"product-type-simple"},"yoast_head":"<!-- This site is optimized with the Yoast SEO plugin v24.4 - https:\/\/yoast.com\/wordpress\/plugins\/seo\/ -->\n<title>ADGG0408 - Operaciones auxiliares de servicios administrativos y generales - ViresFormacion<\/title>\n<meta name=\"description\" content=\"Salidas profesionales:Teleoperadores\/as.Recepcionistas-telefonistas en oficinas, en\u00a0general.Clasificadores\/as-repartidores\/as de correspondencia.Ordenanzas.Auxiliar de servicios generales.Auxiliar\u00a0de oficina.Auxiliar\u00a0de archivo.Auxiliar\u00a0de informaci\u00f3n\" \/>\n<meta name=\"robots\" content=\"index, follow, max-snippet:-1, max-image-preview:large, max-video-preview:-1\" \/>\n<link rel=\"canonical\" href=\"https:\/\/viresformacion.com\/en\/formacion\/adgg0408-operaciones-auxiliares-de-servicios-administrativos-y-generales\/\" \/>\n<meta property=\"og:locale\" content=\"en_US\" \/>\n<meta property=\"og:type\" content=\"article\" \/>\n<meta property=\"og:title\" content=\"ADGG0408 - Operaciones auxiliares de servicios administrativos y generales - ViresFormacion\" \/>\n<meta property=\"og:description\" content=\"Salidas profesionales:Teleoperadores\/as.Recepcionistas-telefonistas en oficinas, en\u00a0general.Clasificadores\/as-repartidores\/as de correspondencia.Ordenanzas.Auxiliar de servicios generales.Auxiliar\u00a0de oficina.Auxiliar\u00a0de archivo.Auxiliar\u00a0de informaci\u00f3n\" \/>\n<meta property=\"og:url\" content=\"https:\/\/viresformacion.com\/en\/formacion\/adgg0408-operaciones-auxiliares-de-servicios-administrativos-y-generales\/\" \/>\n<meta property=\"og:site_name\" content=\"ViresFormacion\" \/>\n<meta property=\"article:publisher\" content=\"https:\/\/www.facebook.com\/p\/Vires-Formacin-61550945501424\/?locale=es_ES\" \/>\n<meta property=\"article:modified_time\" content=\"2025-08-07T16:26:39+00:00\" \/>\n<meta property=\"og:image\" content=\"https:\/\/viresformacion.com\/wp-content\/uploads\/2025\/01\/Plantilla-Logos-WP-ADMINISTRATIVOS-1.png\" \/>\n\t<meta property=\"og:image:width\" content=\"500\" \/>\n\t<meta property=\"og:image:height\" content=\"500\" \/>\n\t<meta property=\"og:image:type\" content=\"image\/png\" \/>\n<meta name=\"twitter:card\" content=\"summary_large_image\" \/>\n<meta name=\"twitter:label1\" content=\"Est. reading time\" \/>\n\t<meta name=\"twitter:data1\" content=\"1 minute\" \/>\n<script type=\"application\/ld+json\" class=\"yoast-schema-graph\">{\"@context\":\"https:\/\/schema.org\",\"@graph\":[{\"@type\":\"WebPage\",\"@id\":\"https:\/\/viresformacion.com\/formacion\/adgg0408-operaciones-auxiliares-de-servicios-administrativos-y-generales\/\",\"url\":\"https:\/\/viresformacion.com\/formacion\/adgg0408-operaciones-auxiliares-de-servicios-administrativos-y-generales\/\",\"name\":\"ADGG0408 - Operaciones auxiliares de servicios administrativos y generales - ViresFormacion\",\"isPartOf\":{\"@id\":\"https:\/\/viresformacion.com\/#website\"},\"primaryImageOfPage\":{\"@id\":\"https:\/\/viresformacion.com\/formacion\/adgg0408-operaciones-auxiliares-de-servicios-administrativos-y-generales\/#primaryimage\"},\"image\":{\"@id\":\"https:\/\/viresformacion.com\/formacion\/adgg0408-operaciones-auxiliares-de-servicios-administrativos-y-generales\/#primaryimage\"},\"thumbnailUrl\":\"https:\/\/viresformacion.com\/wp-content\/uploads\/2025\/01\/Plantilla-Logos-WP-ADMINISTRATIVOS-1.png\",\"datePublished\":\"2025-01-13T10:34:40+00:00\",\"dateModified\":\"2025-08-07T16:26:39+00:00\",\"description\":\"Salidas profesionales:Teleoperadores\/as.Recepcionistas-telefonistas en oficinas, en\u00a0general.Clasificadores\/as-repartidores\/as de correspondencia.Ordenanzas.Auxiliar de servicios generales.Auxiliar\u00a0de oficina.Auxiliar\u00a0de archivo.Auxiliar\u00a0de informaci\u00f3n\",\"breadcrumb\":{\"@id\":\"https:\/\/viresformacion.com\/formacion\/adgg0408-operaciones-auxiliares-de-servicios-administrativos-y-generales\/#breadcrumb\"},\"inLanguage\":\"en-US\",\"potentialAction\":[{\"@type\":\"ReadAction\",\"target\":[\"https:\/\/viresformacion.com\/formacion\/adgg0408-operaciones-auxiliares-de-servicios-administrativos-y-generales\/\"]}]},{\"@type\":\"ImageObject\",\"inLanguage\":\"en-US\",\"@id\":\"https:\/\/viresformacion.com\/formacion\/adgg0408-operaciones-auxiliares-de-servicios-administrativos-y-generales\/#primaryimage\",\"url\":\"https:\/\/viresformacion.com\/wp-content\/uploads\/2025\/01\/Plantilla-Logos-WP-ADMINISTRATIVOS-1.png\",\"contentUrl\":\"https:\/\/viresformacion.com\/wp-content\/uploads\/2025\/01\/Plantilla-Logos-WP-ADMINISTRATIVOS-1.png\",\"width\":500,\"height\":500},{\"@type\":\"BreadcrumbList\",\"@id\":\"https:\/\/viresformacion.com\/formacion\/adgg0408-operaciones-auxiliares-de-servicios-administrativos-y-generales\/#breadcrumb\",\"itemListElement\":[{\"@type\":\"ListItem\",\"position\":1,\"name\":\"Portada\",\"item\":\"https:\/\/viresformacion.com\/\"},{\"@type\":\"ListItem\",\"position\":2,\"name\":\"Cursos\",\"item\":\"https:\/\/viresformacion.com\/cursos\/\"},{\"@type\":\"ListItem\",\"position\":3,\"name\":\"ADGG0408 &#8211; Operaciones auxiliares de servicios administrativos y generales\"}]},{\"@type\":\"WebSite\",\"@id\":\"https:\/\/viresformacion.com\/#website\",\"url\":\"https:\/\/viresformacion.com\/\",\"name\":\"ViresFormacion\",\"description\":\"Formaci\u00f3n\",\"publisher\":{\"@id\":\"https:\/\/viresformacion.com\/#organization\"},\"potentialAction\":[{\"@type\":\"SearchAction\",\"target\":{\"@type\":\"EntryPoint\",\"urlTemplate\":\"https:\/\/viresformacion.com\/?s={search_term_string}\"},\"query-input\":{\"@type\":\"PropertyValueSpecification\",\"valueRequired\":true,\"valueName\":\"search_term_string\"}}],\"inLanguage\":\"en-US\"},{\"@type\":\"Organization\",\"@id\":\"https:\/\/viresformacion.com\/#organization\",\"name\":\"ViresFormacion\",\"url\":\"https:\/\/viresformacion.com\/\",\"logo\":{\"@type\":\"ImageObject\",\"inLanguage\":\"en-US\",\"@id\":\"https:\/\/viresformacion.com\/#\/schema\/logo\/image\/\",\"url\":\"https:\/\/viresformacion.com\/wp-content\/uploads\/2024\/09\/logo.png\",\"contentUrl\":\"https:\/\/viresformacion.com\/wp-content\/uploads\/2024\/09\/logo.png\",\"width\":946,\"height\":890,\"caption\":\"ViresFormacion\"},\"image\":{\"@id\":\"https:\/\/viresformacion.com\/#\/schema\/logo\/image\/\"},\"sameAs\":[\"https:\/\/www.facebook.com\/p\/Vires-Formacin-61550945501424\/?locale=es_ES\",\"https:\/\/www.instagram.com\/viresformacion\/?hl=es\",\"https:\/\/es.linkedin.com\/company\/vires-formacion-s-l\"]}]}<\/script>\n<!-- \/ Yoast SEO plugin. -->","yoast_head_json":{"title":"ADGG0408 - Operaciones auxiliares de servicios administrativos y generales - ViresFormacion","description":"Salidas profesionales:Teleoperadores\/as.Recepcionistas-telefonistas en oficinas, en\u00a0general.Clasificadores\/as-repartidores\/as de correspondencia.Ordenanzas.Auxiliar de servicios generales.Auxiliar\u00a0de oficina.Auxiliar\u00a0de archivo.Auxiliar\u00a0de informaci\u00f3n","robots":{"index":"index","follow":"follow","max-snippet":"max-snippet:-1","max-image-preview":"max-image-preview:large","max-video-preview":"max-video-preview:-1"},"canonical":"https:\/\/viresformacion.com\/en\/formacion\/adgg0408-operaciones-auxiliares-de-servicios-administrativos-y-generales\/","og_locale":"en_US","og_type":"article","og_title":"ADGG0408 - Operaciones auxiliares de servicios administrativos y generales - ViresFormacion","og_description":"Salidas profesionales:Teleoperadores\/as.Recepcionistas-telefonistas en oficinas, en\u00a0general.Clasificadores\/as-repartidores\/as de correspondencia.Ordenanzas.Auxiliar de servicios generales.Auxiliar\u00a0de oficina.Auxiliar\u00a0de archivo.Auxiliar\u00a0de informaci\u00f3n","og_url":"https:\/\/viresformacion.com\/en\/formacion\/adgg0408-operaciones-auxiliares-de-servicios-administrativos-y-generales\/","og_site_name":"ViresFormacion","article_publisher":"https:\/\/www.facebook.com\/p\/Vires-Formacin-61550945501424\/?locale=es_ES","article_modified_time":"2025-08-07T16:26:39+00:00","og_image":[{"width":500,"height":500,"url":"https:\/\/viresformacion.com\/wp-content\/uploads\/2025\/01\/Plantilla-Logos-WP-ADMINISTRATIVOS-1.png","type":"image\/png"}],"twitter_card":"summary_large_image","twitter_misc":{"Est. reading time":"1 minute"},"schema":{"@context":"https:\/\/schema.org","@graph":[{"@type":"WebPage","@id":"https:\/\/viresformacion.com\/formacion\/adgg0408-operaciones-auxiliares-de-servicios-administrativos-y-generales\/","url":"https:\/\/viresformacion.com\/formacion\/adgg0408-operaciones-auxiliares-de-servicios-administrativos-y-generales\/","name":"ADGG0408 - Operaciones auxiliares de servicios administrativos y generales - ViresFormacion","isPartOf":{"@id":"https:\/\/viresformacion.com\/#website"},"primaryImageOfPage":{"@id":"https:\/\/viresformacion.com\/formacion\/adgg0408-operaciones-auxiliares-de-servicios-administrativos-y-generales\/#primaryimage"},"image":{"@id":"https:\/\/viresformacion.com\/formacion\/adgg0408-operaciones-auxiliares-de-servicios-administrativos-y-generales\/#primaryimage"},"thumbnailUrl":"https:\/\/viresformacion.com\/wp-content\/uploads\/2025\/01\/Plantilla-Logos-WP-ADMINISTRATIVOS-1.png","datePublished":"2025-01-13T10:34:40+00:00","dateModified":"2025-08-07T16:26:39+00:00","description":"Salidas profesionales:Teleoperadores\/as.Recepcionistas-telefonistas en oficinas, en\u00a0general.Clasificadores\/as-repartidores\/as de correspondencia.Ordenanzas.Auxiliar de servicios generales.Auxiliar\u00a0de oficina.Auxiliar\u00a0de archivo.Auxiliar\u00a0de informaci\u00f3n","breadcrumb":{"@id":"https:\/\/viresformacion.com\/formacion\/adgg0408-operaciones-auxiliares-de-servicios-administrativos-y-generales\/#breadcrumb"},"inLanguage":"en-US","potentialAction":[{"@type":"ReadAction","target":["https:\/\/viresformacion.com\/formacion\/adgg0408-operaciones-auxiliares-de-servicios-administrativos-y-generales\/"]}]},{"@type":"ImageObject","inLanguage":"en-US","@id":"https:\/\/viresformacion.com\/formacion\/adgg0408-operaciones-auxiliares-de-servicios-administrativos-y-generales\/#primaryimage","url":"https:\/\/viresformacion.com\/wp-content\/uploads\/2025\/01\/Plantilla-Logos-WP-ADMINISTRATIVOS-1.png","contentUrl":"https:\/\/viresformacion.com\/wp-content\/uploads\/2025\/01\/Plantilla-Logos-WP-ADMINISTRATIVOS-1.png","width":500,"height":500},{"@type":"BreadcrumbList","@id":"https:\/\/viresformacion.com\/formacion\/adgg0408-operaciones-auxiliares-de-servicios-administrativos-y-generales\/#breadcrumb","itemListElement":[{"@type":"ListItem","position":1,"name":"Portada","item":"https:\/\/viresformacion.com\/"},{"@type":"ListItem","position":2,"name":"Cursos","item":"https:\/\/viresformacion.com\/cursos\/"},{"@type":"ListItem","position":3,"name":"ADGG0408 &#8211; Operaciones auxiliares de servicios administrativos y generales"}]},{"@type":"WebSite","@id":"https:\/\/viresformacion.com\/#website","url":"https:\/\/viresformacion.com\/","name":"ViresFormacion","description":"Formaci\u00f3n","publisher":{"@id":"https:\/\/viresformacion.com\/#organization"},"potentialAction":[{"@type":"SearchAction","target":{"@type":"EntryPoint","urlTemplate":"https:\/\/viresformacion.com\/?s={search_term_string}"},"query-input":{"@type":"PropertyValueSpecification","valueRequired":true,"valueName":"search_term_string"}}],"inLanguage":"en-US"},{"@type":"Organization","@id":"https:\/\/viresformacion.com\/#organization","name":"ViresFormacion","url":"https:\/\/viresformacion.com\/","logo":{"@type":"ImageObject","inLanguage":"en-US","@id":"https:\/\/viresformacion.com\/#\/schema\/logo\/image\/","url":"https:\/\/viresformacion.com\/wp-content\/uploads\/2024\/09\/logo.png","contentUrl":"https:\/\/viresformacion.com\/wp-content\/uploads\/2024\/09\/logo.png","width":946,"height":890,"caption":"ViresFormacion"},"image":{"@id":"https:\/\/viresformacion.com\/#\/schema\/logo\/image\/"},"sameAs":["https:\/\/www.facebook.com\/p\/Vires-Formacin-61550945501424\/?locale=es_ES","https:\/\/www.instagram.com\/viresformacion\/?hl=es","https:\/\/es.linkedin.com\/company\/vires-formacion-s-l"]}]}},"_links":{"self":[{"href":"https:\/\/viresformacion.com\/en\/wp-json\/wp\/v2\/product\/703","targetHints":{"allow":["GET"]}}],"collection":[{"href":"https:\/\/viresformacion.com\/en\/wp-json\/wp\/v2\/product"}],"about":[{"href":"https:\/\/viresformacion.com\/en\/wp-json\/wp\/v2\/types\/product"}],"wp:featuredmedia":[{"embeddable":true,"href":"https:\/\/viresformacion.com\/en\/wp-json\/wp\/v2\/media\/786"}],"wp:attachment":[{"href":"https:\/\/viresformacion.com\/en\/wp-json\/wp\/v2\/media?parent=703"}],"wp:term":[{"taxonomy":"product_brand","embeddable":true,"href":"https:\/\/viresformacion.com\/en\/wp-json\/wp\/v2\/product_brand?post=703"},{"taxonomy":"product_cat","embeddable":true,"href":"https:\/\/viresformacion.com\/en\/wp-json\/wp\/v2\/product_cat?post=703"},{"taxonomy":"product_tag","embeddable":true,"href":"https:\/\/viresformacion.com\/en\/wp-json\/wp\/v2\/product_tag?post=703"}],"curies":[{"name":"wp","href":"https:\/\/api.w.org\/{rel}","templated":true}]}}