{"id":706,"date":"2025-01-13T12:16:47","date_gmt":"2025-01-13T11:16:47","guid":{"rendered":"https:\/\/viresformacion.com\/?post_type=product&#038;p=706"},"modified":"2025-08-06T10:24:28","modified_gmt":"2025-08-06T09:24:28","slug":"sscb0209-dinamizacion-de-actividades-de-tiempo-libre-educativo-infantil-y-juvenil","status":"publish","type":"product","link":"https:\/\/viresformacion.com\/en\/formacion\/sscb0209-dinamizacion-de-actividades-de-tiempo-libre-educativo-infantil-y-juvenil\/","title":{"rendered":"SSCB0209 &#8211; Dinamizaci\u00f3n de actividades de tiempo libre educativo infantil y juvenil"},"content":{"rendered":"<h2>Titulaci\u00f3n Oficial<\/h2>\n<p><strong>Presencial :<\/strong>Vires Formaci\u00f3n &#8211; Avd. Iberoam\u00e9rica 11 Bajo<\/p>\n<p><strong>REQUISITOS:<\/strong> +18 a\u00f1os, E.S.O\/ Similar, Desempleados\/ Ocupados<br \/>\n<strong>DURACI\u00d3N<\/strong>: 310 HORAS : 150 h teor\u00eda + 160 h pr\u00e1cticas<\/p>\n<p><strong>Plazas Limitadas:<\/strong> 15 Participantes<\/p>\n<p><em><strong>Posibilidad de becas al finalizar el curso<\/strong><\/em><\/p>\n<p><a href=\"https:\/\/sede.sepe.gob.es\/es\/portaltrabaja\/resources\/pdf\/especialidades\/ADGG0408.pdf\" target=\"_blank\" rel=\"noopener\">Ficha T\u00e9cnica<\/a><\/p>\n<p><a style=\"text-decoration: none; display: inline-block; padding: 10px 20px; background-color: #007bff; color: white; border-radius: 5px; font-size: 20px; white-space: nowrap; font-weight: bold;\" href=\"https:\/\/viresformacion.com\/en\/sobre-cursos\/\">Informaci\u00f3n sobre los niveles<\/a><\/p>\n<h2>FORMULARIO PRE INSCRIPCI\u00d3N<\/h2>\n\n<div class=\"wpcf7 no-js\" id=\"wpcf7-f603-o1\" lang=\"es-ES\" dir=\"ltr\" data-wpcf7-id=\"603\">\n<div class=\"screen-reader-response\"><p role=\"status\" aria-live=\"polite\" aria-atomic=\"true\"><\/p> <ul><\/ul><\/div>\n<form action=\"\/en\/wp-json\/wp\/v2\/product\/706#wpcf7-f603-o1\" method=\"post\" class=\"wpcf7-form init\" aria-label=\"Contact form\" novalidate=\"novalidate\" data-status=\"init\" data-trp-original-action=\"\/en\/wp-json\/wp\/v2\/product\/706#wpcf7-f603-o1\">\n<fieldset class=\"hidden-fields-container\"><input type=\"hidden\" name=\"_wpcf7\" value=\"603\" \/><input type=\"hidden\" name=\"_wpcf7_version\" value=\"6.1.5\" \/><input type=\"hidden\" name=\"_wpcf7_locale\" value=\"es_ES\" \/><input type=\"hidden\" name=\"_wpcf7_unit_tag\" value=\"wpcf7-f603-o1\" \/><input type=\"hidden\" name=\"_wpcf7_container_post\" value=\"0\" \/><input type=\"hidden\" name=\"_wpcf7_posted_data_hash\" value=\"\" \/><input type=\"hidden\" name=\"_wpcf7_recaptcha_response\" value=\"\" \/>\n<\/fieldset>\n<h6 style=\"color: dodgerblue; font-weight: bold;\">Ten en cuenta que, una vez se confirme el grupo, ser\u00e1 necesario completar un segundo formulario de inscripci\u00f3n para formalizar tu participaci\u00f3n.\n<\/h6>\n<p><label for=\"your-name\">Name<\/label><br \/>\n<span class=\"wpcf7-form-control-wrap\" data-name=\"your-name\"><input size=\"40\" maxlength=\"400\" class=\"wpcf7-form-control wpcf7-text wpcf7-validates-as-required\" aria-required=\"true\" aria-invalid=\"false\" placeholder=\"Introduce tu nombre\" value=\"\" type=\"text\" name=\"your-name\" \/><\/span>\n<\/p>\n<p><label for=\"your-apellidos\">Apellidos<\/label><br \/>\n<span class=\"wpcf7-form-control-wrap\" data-name=\"your-apellidos\"><input size=\"40\" maxlength=\"400\" class=\"wpcf7-form-control wpcf7-text wpcf7-validates-as-required\" aria-required=\"true\" aria-invalid=\"false\" placeholder=\"Introduce tus apellidos\" value=\"\" type=\"text\" name=\"your-apellidos\" \/><\/span>\n<\/p>\n<p><label for=\"your-email\">Correo electr\u00f3nico<\/label><br \/>\n<span class=\"wpcf7-form-control-wrap\" data-name=\"your-email\"><input size=\"40\" maxlength=\"400\" class=\"wpcf7-form-control wpcf7-email wpcf7-validates-as-required wpcf7-text wpcf7-validates-as-email\" aria-required=\"true\" aria-invalid=\"false\" placeholder=\"Introduce tu correo\" value=\"\" type=\"email\" name=\"your-email\" \/><\/span>\n<\/p>\n<p><label for=\"your-phone\">Tel\u00e9fono<\/label><br \/>\n<span class=\"wpcf7-form-control-wrap\" data-name=\"your-phone\"><input size=\"40\" maxlength=\"400\" class=\"wpcf7-form-control wpcf7-tel wpcf7-validates-as-required wpcf7-text wpcf7-validates-as-tel\" aria-required=\"true\" aria-invalid=\"false\" placeholder=\"Introduce tu tel\u00e9fono\" value=\"\" type=\"tel\" name=\"your-phone\" \/><\/span>\n<\/p>\n<p><label for=\"your-codigo-postal\">C\u00f3digo Postal<\/label><br \/>\n<span class=\"wpcf7-form-control-wrap\" data-name=\"your-codigo-postal\"><input size=\"40\" maxlength=\"400\" class=\"wpcf7-form-control wpcf7-text wpcf7-validates-as-required\" aria-required=\"true\" aria-invalid=\"false\" placeholder=\"Introduce tu c\u00f3digo postal\" value=\"\" type=\"text\" name=\"your-codigo-postal\" \/><\/span>\n<\/p>\n<p><label for=\"your-municipio\">Municipio<\/label><br \/>\n<span class=\"wpcf7-form-control-wrap\" data-name=\"your-municipio\"><input size=\"40\" maxlength=\"400\" class=\"wpcf7-form-control wpcf7-text wpcf7-validates-as-required\" aria-required=\"true\" aria-invalid=\"false\" placeholder=\"Introduce tu municipio\" value=\"\" type=\"text\" name=\"your-municipio\" \/><\/span>\n<\/p>\n<p><label for=\"your-situacionLaboral\">Situaci\u00f3n Laboral<\/label><br \/>\n<span class=\"wpcf7-form-control-wrap\" data-name=\"your-situacionLaboral\"><select class=\"wpcf7-form-control wpcf7-select wpcf7-validates-as-required\" aria-required=\"true\" aria-invalid=\"false\" name=\"your-situacionLaboral\"><option value=\"Selecciona tu Situaci\u00f3n Laboral\">Selecciona tu Situaci\u00f3n Laboral<\/option><option value=\"Desempleado\">Desempleado<\/option><option value=\"Trabajando\">Trabajando<\/option><\/select><\/span>\n<\/p>\n<p><label for=\"your-preferenciaHorario\">Preferencia Horario<\/label><br \/>\n<span class=\"wpcf7-form-control-wrap\" data-name=\"your-preferenciaHorario\"><select class=\"wpcf7-form-control wpcf7-select wpcf7-validates-as-required\" aria-required=\"true\" aria-invalid=\"false\" name=\"your-preferenciaHorario\"><option value=\"Selecciona preferencia horario\">Selecciona preferencia horario<\/option><option value=\"Ma\u00f1ana\">Ma\u00f1ana<\/option><option value=\"Tarde\">Tarde<\/option><option value=\"Indiferente\">Indiferente<\/option><\/select><\/span>\n<\/p>\n<p><label for=\"your-titulacion\">Titulaci\u00f3n<\/label><br \/>\n<span class=\"wpcf7-form-control-wrap\" data-name=\"your-titulacion\"><select class=\"wpcf7-form-control wpcf7-select wpcf7-validates-as-required\" aria-required=\"true\" aria-invalid=\"false\" name=\"your-titulacion\"><option value=\"Selecciona su titulaci\u00f3n\">Selecciona su titulaci\u00f3n<\/option><option value=\"Sin titulaci\u00f3n\">Sin titulaci\u00f3n<\/option><option value=\"Graduado Escolar\">Graduado Escolar<\/option><option value=\"Ense\u00f1anza Secundaria Obligatoria\">Ense\u00f1anza Secundaria Obligatoria<\/option><option value=\"Bachillerato o equivalente\">Bachillerato o equivalente<\/option><option value=\"T\u00edtulo Profesional B\u00e1sico\">T\u00edtulo Profesional B\u00e1sico<\/option><option value=\"Ciclo Formativo Grado Medio\">Ciclo Formativo Grado Medio<\/option><option value=\"Ciclo Formativo Grado Superior\">Ciclo Formativo Grado Superior<\/option><option value=\"Grado \/ Diplomatura universitaria\">Grado \/ Diplomatura universitaria<\/option><option value=\"Licenciatura\">Licenciatura<\/option><option value=\"Otra titulaci\u00f3n\">Otra titulaci\u00f3n<\/option><\/select><\/span>\n<\/p>\n<p><label for=\"your-otratitulacion\">Si tiene otra titulaci\u00f3n, por favor indique cu\u00e1l es<\/label><br \/>\n<span class=\"wpcf7-form-control-wrap\" data-name=\"your-otratitulacion\"><input size=\"40\" maxlength=\"400\" class=\"wpcf7-form-control wpcf7-text\" aria-invalid=\"false\" placeholder=\"Indica tu titulaci\u00f3n\" value=\"\" type=\"text\" name=\"your-otratitulacion\" \/><\/span>\n<\/p>\n<p><label for=\"your-accion\">Acci\u00f3n Formativa a la que se esta pre inscribiendo<\/label><br \/>\n<input type=\"text\" id=\"your-accion\" name=\"your-accion\" readonly placeholder=\"Acci\u00f3n formativa cargando...\" value=\"\" \/>\n<\/p>\n<p><input type=\"hidden\" name=\"your-seleccion\" value=\"\" \/>\n<\/p>\n\n<p><input type=\"hidden\" name=\"your-subject\" value=\"Inscripci\u00f3n para Certificado Subvencionado\" \/>\n<\/p>\n<p><input class=\"wpcf7-form-control wpcf7-submit has-spinner\" type=\"submit\" value=\"Send\" \/>\n<\/p><div class=\"wpcf7-response-output\" aria-hidden=\"true\"><\/div>\n<input type=\"hidden\" name=\"trp-form-language\" value=\"en\"\/><\/form>\n<\/div>","protected":false},"excerpt":{"rendered":"<p><strong>Curso Gratuito Subvencionado<\/strong><\/p>\n<p><span style=\"color: #3366ff;\"><strong>Presencial :Vires Formaci\u00f3n &#8211; Alcal\u00e1 la Real, Ja\u00e9n<\/strong><\/span><\/p>\n<p>Este certificado te capacita para trabajar en:<\/p>\n<ul>\n<li>Campamentos, albergues y casas de colonias.<\/li>\n<li>Aulas y escuelas de naturaleza, granjas-escuelas.<\/li>\n<li>Actividades de ocio y tiempo libre en el marco escolar.<\/li>\n<\/ul>\n<p>Salidas Profesionales<\/p>\n<ul>\n<li>Monitor\/a de tiempo libre educativo infantil y juvenil.<\/li>\n<li>Monitor\/a de campamentos, albergues y actividades recreativas.<\/li>\n<li>Monitor\/a de actividades en el marco escolar.<\/li>\n<\/ul>\n<p><img decoding=\"async\" class=\"alignnone wp-image-917\" src=\"https:\/\/viresformacion.com\/wp-content\/uploads\/2025\/01\/JJUNTA.png\" alt=\"\" width=\"96\" height=\"54\" srcset=\"https:\/\/viresformacion.com\/wp-content\/uploads\/2025\/01\/JJUNTA.png 299w, https:\/\/viresformacion.com\/wp-content\/uploads\/2025\/01\/JJUNTA-18x10.png 18w\" sizes=\"(max-width: 96px) 100vw, 96px\" \/> <img decoding=\"async\" class=\"alignnone wp-image-918\" src=\"https:\/\/viresformacion.com\/wp-content\/uploads\/2025\/01\/Logo-Ministerio-de-trabajo--400x106.jpg\" alt=\"\" width=\"181\" height=\"48\" srcset=\"https:\/\/viresformacion.com\/wp-content\/uploads\/2025\/01\/Logo-Ministerio-de-trabajo--400x106.jpg 400w, https:\/\/viresformacion.com\/wp-content\/uploads\/2025\/01\/Logo-Ministerio-de-trabajo--18x5.jpg 18w, https:\/\/viresformacion.com\/wp-content\/uploads\/2025\/01\/Logo-Ministerio-de-trabajo--600x160.jpg 600w, https:\/\/viresformacion.com\/wp-content\/uploads\/2025\/01\/Logo-Ministerio-de-trabajo-.jpg 752w\" sizes=\"(max-width: 181px) 100vw, 181px\" \/><\/p>","protected":false},"featured_media":818,"template":"","meta":[],"product_brand":[],"product_cat":[18],"product_tag":[],"class_list":{"0":"post-706","1":"product","2":"type-product","3":"status-publish","4":"has-post-thumbnail","6":"product_cat-certificados-de-profesionalidad","8":"first","9":"outofstock","10":"virtual","11":"sold-individually","12":"taxable","13":"product-type-simple"},"yoast_head":"<!-- This site is optimized with the Yoast SEO plugin v24.4 - https:\/\/yoast.com\/wordpress\/plugins\/seo\/ -->\n<title>SSCB0209 - Dinamizaci\u00f3n de actividades de tiempo libre educativo infantil y juvenil - ViresFormacion<\/title>\n<meta name=\"description\" content=\"Salidas Profesionales: Monitor\/a de tiempo libre educativo infantil y juvenil. Monitor\/a de campamentos, albergues y actividades recreativas. Monitor\/a de actividades en el marco escolar.\" \/>\n<meta name=\"robots\" content=\"index, follow, max-snippet:-1, max-image-preview:large, max-video-preview:-1\" \/>\n<link rel=\"canonical\" href=\"https:\/\/viresformacion.com\/en\/formacion\/sscb0209-dinamizacion-de-actividades-de-tiempo-libre-educativo-infantil-y-juvenil\/\" \/>\n<meta property=\"og:locale\" content=\"en_US\" \/>\n<meta property=\"og:type\" content=\"article\" \/>\n<meta property=\"og:title\" content=\"SSCB0209 - Dinamizaci\u00f3n de actividades de tiempo libre educativo infantil y juvenil - ViresFormacion\" \/>\n<meta property=\"og:description\" content=\"Salidas Profesionales: Monitor\/a de tiempo libre educativo infantil y juvenil. Monitor\/a de campamentos, albergues y actividades recreativas. Monitor\/a de actividades en el marco escolar.\" \/>\n<meta property=\"og:url\" content=\"https:\/\/viresformacion.com\/en\/formacion\/sscb0209-dinamizacion-de-actividades-de-tiempo-libre-educativo-infantil-y-juvenil\/\" \/>\n<meta property=\"og:site_name\" content=\"ViresFormacion\" \/>\n<meta property=\"article:publisher\" content=\"https:\/\/www.facebook.com\/p\/Vires-Formacin-61550945501424\/?locale=es_ES\" \/>\n<meta property=\"article:modified_time\" content=\"2025-08-06T09:24:28+00:00\" \/>\n<meta property=\"og:image\" content=\"https:\/\/viresformacion.com\/wp-content\/uploads\/2025\/01\/Plantilla-Logos-WP-ACTIVIDADES-TIEMPO-LIBRE-2.png\" \/>\n\t<meta property=\"og:image:width\" content=\"500\" \/>\n\t<meta property=\"og:image:height\" content=\"500\" \/>\n\t<meta property=\"og:image:type\" content=\"image\/png\" \/>\n<meta name=\"twitter:card\" content=\"summary_large_image\" \/>\n<meta name=\"twitter:label1\" content=\"Est. reading time\" \/>\n\t<meta name=\"twitter:data1\" content=\"1 minute\" \/>\n<script type=\"application\/ld+json\" class=\"yoast-schema-graph\">{\"@context\":\"https:\/\/schema.org\",\"@graph\":[{\"@type\":\"WebPage\",\"@id\":\"https:\/\/viresformacion.com\/formacion\/sscb0209-dinamizacion-de-actividades-de-tiempo-libre-educativo-infantil-y-juvenil\/\",\"url\":\"https:\/\/viresformacion.com\/formacion\/sscb0209-dinamizacion-de-actividades-de-tiempo-libre-educativo-infantil-y-juvenil\/\",\"name\":\"SSCB0209 - Dinamizaci\u00f3n de actividades de tiempo libre educativo infantil y juvenil - ViresFormacion\",\"isPartOf\":{\"@id\":\"https:\/\/viresformacion.com\/#website\"},\"primaryImageOfPage\":{\"@id\":\"https:\/\/viresformacion.com\/formacion\/sscb0209-dinamizacion-de-actividades-de-tiempo-libre-educativo-infantil-y-juvenil\/#primaryimage\"},\"image\":{\"@id\":\"https:\/\/viresformacion.com\/formacion\/sscb0209-dinamizacion-de-actividades-de-tiempo-libre-educativo-infantil-y-juvenil\/#primaryimage\"},\"thumbnailUrl\":\"https:\/\/viresformacion.com\/wp-content\/uploads\/2025\/01\/Plantilla-Logos-WP-ACTIVIDADES-TIEMPO-LIBRE-2.png\",\"datePublished\":\"2025-01-13T11:16:47+00:00\",\"dateModified\":\"2025-08-06T09:24:28+00:00\",\"description\":\"Salidas Profesionales: Monitor\/a de tiempo libre educativo infantil y juvenil. Monitor\/a de campamentos, albergues y actividades recreativas. Monitor\/a de actividades en el marco escolar.\",\"breadcrumb\":{\"@id\":\"https:\/\/viresformacion.com\/formacion\/sscb0209-dinamizacion-de-actividades-de-tiempo-libre-educativo-infantil-y-juvenil\/#breadcrumb\"},\"inLanguage\":\"en-US\",\"potentialAction\":[{\"@type\":\"ReadAction\",\"target\":[\"https:\/\/viresformacion.com\/formacion\/sscb0209-dinamizacion-de-actividades-de-tiempo-libre-educativo-infantil-y-juvenil\/\"]}]},{\"@type\":\"ImageObject\",\"inLanguage\":\"en-US\",\"@id\":\"https:\/\/viresformacion.com\/formacion\/sscb0209-dinamizacion-de-actividades-de-tiempo-libre-educativo-infantil-y-juvenil\/#primaryimage\",\"url\":\"https:\/\/viresformacion.com\/wp-content\/uploads\/2025\/01\/Plantilla-Logos-WP-ACTIVIDADES-TIEMPO-LIBRE-2.png\",\"contentUrl\":\"https:\/\/viresformacion.com\/wp-content\/uploads\/2025\/01\/Plantilla-Logos-WP-ACTIVIDADES-TIEMPO-LIBRE-2.png\",\"width\":500,\"height\":500},{\"@type\":\"BreadcrumbList\",\"@id\":\"https:\/\/viresformacion.com\/formacion\/sscb0209-dinamizacion-de-actividades-de-tiempo-libre-educativo-infantil-y-juvenil\/#breadcrumb\",\"itemListElement\":[{\"@type\":\"ListItem\",\"position\":1,\"name\":\"Portada\",\"item\":\"https:\/\/viresformacion.com\/\"},{\"@type\":\"ListItem\",\"position\":2,\"name\":\"Cursos\",\"item\":\"https:\/\/viresformacion.com\/cursos\/\"},{\"@type\":\"ListItem\",\"position\":3,\"name\":\"SSCB0209 &#8211; Dinamizaci\u00f3n de actividades de tiempo libre educativo infantil y juvenil\"}]},{\"@type\":\"WebSite\",\"@id\":\"https:\/\/viresformacion.com\/#website\",\"url\":\"https:\/\/viresformacion.com\/\",\"name\":\"ViresFormacion\",\"description\":\"Formaci\u00f3n\",\"publisher\":{\"@id\":\"https:\/\/viresformacion.com\/#organization\"},\"potentialAction\":[{\"@type\":\"SearchAction\",\"target\":{\"@type\":\"EntryPoint\",\"urlTemplate\":\"https:\/\/viresformacion.com\/?s={search_term_string}\"},\"query-input\":{\"@type\":\"PropertyValueSpecification\",\"valueRequired\":true,\"valueName\":\"search_term_string\"}}],\"inLanguage\":\"en-US\"},{\"@type\":\"Organization\",\"@id\":\"https:\/\/viresformacion.com\/#organization\",\"name\":\"ViresFormacion\",\"url\":\"https:\/\/viresformacion.com\/\",\"logo\":{\"@type\":\"ImageObject\",\"inLanguage\":\"en-US\",\"@id\":\"https:\/\/viresformacion.com\/#\/schema\/logo\/image\/\",\"url\":\"https:\/\/viresformacion.com\/wp-content\/uploads\/2024\/09\/logo.png\",\"contentUrl\":\"https:\/\/viresformacion.com\/wp-content\/uploads\/2024\/09\/logo.png\",\"width\":946,\"height\":890,\"caption\":\"ViresFormacion\"},\"image\":{\"@id\":\"https:\/\/viresformacion.com\/#\/schema\/logo\/image\/\"},\"sameAs\":[\"https:\/\/www.facebook.com\/p\/Vires-Formacin-61550945501424\/?locale=es_ES\",\"https:\/\/www.instagram.com\/viresformacion\/?hl=es\",\"https:\/\/es.linkedin.com\/company\/vires-formacion-s-l\"]}]}<\/script>\n<!-- \/ Yoast SEO plugin. -->","yoast_head_json":{"title":"SSCB0209 - Dinamizaci\u00f3n de actividades de tiempo libre educativo infantil y juvenil - ViresFormacion","description":"Salidas Profesionales: Monitor\/a de tiempo libre educativo infantil y juvenil. Monitor\/a de campamentos, albergues y actividades recreativas. Monitor\/a de actividades en el marco escolar.","robots":{"index":"index","follow":"follow","max-snippet":"max-snippet:-1","max-image-preview":"max-image-preview:large","max-video-preview":"max-video-preview:-1"},"canonical":"https:\/\/viresformacion.com\/en\/formacion\/sscb0209-dinamizacion-de-actividades-de-tiempo-libre-educativo-infantil-y-juvenil\/","og_locale":"en_US","og_type":"article","og_title":"SSCB0209 - Dinamizaci\u00f3n de actividades de tiempo libre educativo infantil y juvenil - ViresFormacion","og_description":"Salidas Profesionales: Monitor\/a de tiempo libre educativo infantil y juvenil. Monitor\/a de campamentos, albergues y actividades recreativas. Monitor\/a de actividades en el marco escolar.","og_url":"https:\/\/viresformacion.com\/en\/formacion\/sscb0209-dinamizacion-de-actividades-de-tiempo-libre-educativo-infantil-y-juvenil\/","og_site_name":"ViresFormacion","article_publisher":"https:\/\/www.facebook.com\/p\/Vires-Formacin-61550945501424\/?locale=es_ES","article_modified_time":"2025-08-06T09:24:28+00:00","og_image":[{"width":500,"height":500,"url":"https:\/\/viresformacion.com\/wp-content\/uploads\/2025\/01\/Plantilla-Logos-WP-ACTIVIDADES-TIEMPO-LIBRE-2.png","type":"image\/png"}],"twitter_card":"summary_large_image","twitter_misc":{"Est. reading time":"1 minute"},"schema":{"@context":"https:\/\/schema.org","@graph":[{"@type":"WebPage","@id":"https:\/\/viresformacion.com\/formacion\/sscb0209-dinamizacion-de-actividades-de-tiempo-libre-educativo-infantil-y-juvenil\/","url":"https:\/\/viresformacion.com\/formacion\/sscb0209-dinamizacion-de-actividades-de-tiempo-libre-educativo-infantil-y-juvenil\/","name":"SSCB0209 - Dinamizaci\u00f3n de actividades de tiempo libre educativo infantil y juvenil - ViresFormacion","isPartOf":{"@id":"https:\/\/viresformacion.com\/#website"},"primaryImageOfPage":{"@id":"https:\/\/viresformacion.com\/formacion\/sscb0209-dinamizacion-de-actividades-de-tiempo-libre-educativo-infantil-y-juvenil\/#primaryimage"},"image":{"@id":"https:\/\/viresformacion.com\/formacion\/sscb0209-dinamizacion-de-actividades-de-tiempo-libre-educativo-infantil-y-juvenil\/#primaryimage"},"thumbnailUrl":"https:\/\/viresformacion.com\/wp-content\/uploads\/2025\/01\/Plantilla-Logos-WP-ACTIVIDADES-TIEMPO-LIBRE-2.png","datePublished":"2025-01-13T11:16:47+00:00","dateModified":"2025-08-06T09:24:28+00:00","description":"Salidas Profesionales: Monitor\/a de tiempo libre educativo infantil y juvenil. Monitor\/a de campamentos, albergues y actividades recreativas. Monitor\/a de actividades en el marco escolar.","breadcrumb":{"@id":"https:\/\/viresformacion.com\/formacion\/sscb0209-dinamizacion-de-actividades-de-tiempo-libre-educativo-infantil-y-juvenil\/#breadcrumb"},"inLanguage":"en-US","potentialAction":[{"@type":"ReadAction","target":["https:\/\/viresformacion.com\/formacion\/sscb0209-dinamizacion-de-actividades-de-tiempo-libre-educativo-infantil-y-juvenil\/"]}]},{"@type":"ImageObject","inLanguage":"en-US","@id":"https:\/\/viresformacion.com\/formacion\/sscb0209-dinamizacion-de-actividades-de-tiempo-libre-educativo-infantil-y-juvenil\/#primaryimage","url":"https:\/\/viresformacion.com\/wp-content\/uploads\/2025\/01\/Plantilla-Logos-WP-ACTIVIDADES-TIEMPO-LIBRE-2.png","contentUrl":"https:\/\/viresformacion.com\/wp-content\/uploads\/2025\/01\/Plantilla-Logos-WP-ACTIVIDADES-TIEMPO-LIBRE-2.png","width":500,"height":500},{"@type":"BreadcrumbList","@id":"https:\/\/viresformacion.com\/formacion\/sscb0209-dinamizacion-de-actividades-de-tiempo-libre-educativo-infantil-y-juvenil\/#breadcrumb","itemListElement":[{"@type":"ListItem","position":1,"name":"Portada","item":"https:\/\/viresformacion.com\/"},{"@type":"ListItem","position":2,"name":"Cursos","item":"https:\/\/viresformacion.com\/cursos\/"},{"@type":"ListItem","position":3,"name":"SSCB0209 &#8211; Dinamizaci\u00f3n de actividades de tiempo libre educativo infantil y juvenil"}]},{"@type":"WebSite","@id":"https:\/\/viresformacion.com\/#website","url":"https:\/\/viresformacion.com\/","name":"ViresFormacion","description":"Formaci\u00f3n","publisher":{"@id":"https:\/\/viresformacion.com\/#organization"},"potentialAction":[{"@type":"SearchAction","target":{"@type":"EntryPoint","urlTemplate":"https:\/\/viresformacion.com\/?s={search_term_string}"},"query-input":{"@type":"PropertyValueSpecification","valueRequired":true,"valueName":"search_term_string"}}],"inLanguage":"en-US"},{"@type":"Organization","@id":"https:\/\/viresformacion.com\/#organization","name":"ViresFormacion","url":"https:\/\/viresformacion.com\/","logo":{"@type":"ImageObject","inLanguage":"en-US","@id":"https:\/\/viresformacion.com\/#\/schema\/logo\/image\/","url":"https:\/\/viresformacion.com\/wp-content\/uploads\/2024\/09\/logo.png","contentUrl":"https:\/\/viresformacion.com\/wp-content\/uploads\/2024\/09\/logo.png","width":946,"height":890,"caption":"ViresFormacion"},"image":{"@id":"https:\/\/viresformacion.com\/#\/schema\/logo\/image\/"},"sameAs":["https:\/\/www.facebook.com\/p\/Vires-Formacin-61550945501424\/?locale=es_ES","https:\/\/www.instagram.com\/viresformacion\/?hl=es","https:\/\/es.linkedin.com\/company\/vires-formacion-s-l"]}]}},"_links":{"self":[{"href":"https:\/\/viresformacion.com\/en\/wp-json\/wp\/v2\/product\/706","targetHints":{"allow":["GET"]}}],"collection":[{"href":"https:\/\/viresformacion.com\/en\/wp-json\/wp\/v2\/product"}],"about":[{"href":"https:\/\/viresformacion.com\/en\/wp-json\/wp\/v2\/types\/product"}],"wp:featuredmedia":[{"embeddable":true,"href":"https:\/\/viresformacion.com\/en\/wp-json\/wp\/v2\/media\/818"}],"wp:attachment":[{"href":"https:\/\/viresformacion.com\/en\/wp-json\/wp\/v2\/media?parent=706"}],"wp:term":[{"taxonomy":"product_brand","embeddable":true,"href":"https:\/\/viresformacion.com\/en\/wp-json\/wp\/v2\/product_brand?post=706"},{"taxonomy":"product_cat","embeddable":true,"href":"https:\/\/viresformacion.com\/en\/wp-json\/wp\/v2\/product_cat?post=706"},{"taxonomy":"product_tag","embeddable":true,"href":"https:\/\/viresformacion.com\/en\/wp-json\/wp\/v2\/product_tag?post=706"}],"curies":[{"name":"wp","href":"https:\/\/api.w.org\/{rel}","templated":true}]}}