{"id":728,"date":"2025-01-13T13:30:29","date_gmt":"2025-01-13T12:30:29","guid":{"rendered":"https:\/\/viresformacion.com\/?post_type=product&#038;p=728"},"modified":"2025-08-06T09:28:04","modified_gmt":"2025-08-06T08:28:04","slug":"ssce0110-docencia-de-la-formacion-profesional-para-el-empleo","status":"publish","type":"product","link":"https:\/\/viresformacion.com\/en\/formacion\/ssce0110-docencia-de-la-formacion-profesional-para-el-empleo\/","title":{"rendered":"SSCE0110 &#8211; Docencia de la formaci\u00f3n profesional para el empleo"},"content":{"rendered":"<h2>Titulaci\u00f3n Oficial<\/h2>\n<p><strong>Presencial :<\/strong>Vires Formaci\u00f3n- Avd. Iberoam\u00e9rica 11 Bajo<br \/>\n<strong>REQUISITOS:<\/strong> +18 a\u00f1os, Bachillerato\/ Similar, Desempleados\/ Ocupados<br \/>\n<strong>Duraci\u00f3n: <\/strong>380 HORAS : 340 h teor\u00eda + 40 h pr\u00e1cticas<br \/>\n<strong>Plazas Limitadas:<\/strong> 15 Participantes<br \/>\n<em><strong>Posibilidad de becas al finalizar el curso<\/strong><\/em><br \/>\n<a href=\"https:\/\/sede.sepe.gob.es\/es\/portaltrabaja\/resources\/pdf\/especialidades\/SSCE0110.pdf\" target=\"_blank\" rel=\"noopener\">Ficha T\u00e9cnica<\/a><br \/>\n<a style=\"text-decoration: none; display: inline-block; padding: 10px 20px; background-color: #007bff; color: white; border-radius: 5px; font-size: 20px; white-space: nowrap; font-weight: bold;\" href=\"https:\/\/viresformacion.com\/en\/sobre-cursos\/\">Informaci\u00f3n sobre los niveles<\/a><\/p>\n<p>&nbsp;<\/p>","protected":false},"excerpt":{"rendered":"<p><strong>Curso Gratuito Subvencionado<\/strong><\/p>\n<p><span style=\"color: #3366ff;\"><strong>Presencial :Vires Formaci\u00f3n &#8211; Alcal\u00e1 la Real, Ja\u00e9n<\/strong><\/span><\/p>\n<p>Salidas profesionales:<\/p>\n<ul>\n<li>Formador\/a de formaci\u00f3n profesional para el empleo<\/li>\n<li>Formador\/a ocupacional<\/li>\n<li>Formador\/a en empresas<\/li>\n<li>Formador\/a de certificados de profesionalidad<\/li>\n<li>T\u00e9cnico\/a de formaci\u00f3n<\/li>\n<li>Dise\u00f1ador\/a de contenidos formativos<\/li>\n<li>Evaluador\/a de programas de formaci\u00f3n<\/li>\n<li>T\u00e9cnico\/a de orientaci\u00f3n laboral y educativa<\/li>\n<li>Dinamizador\/a de acciones formativas en proyectos sociales<\/li>\n<li>Tutor\/a online o dinamizador\/a de aulas virtuales<\/li>\n<li>Desarrollador\/a de entornos virtuales de aprendizaje<\/li>\n<\/ul>\n<p><img decoding=\"async\" class=\"alignnone wp-image-917\" src=\"https:\/\/viresformacion.com\/wp-content\/uploads\/2025\/01\/JJUNTA.png\" alt=\"\" width=\"96\" height=\"54\" srcset=\"https:\/\/viresformacion.com\/wp-content\/uploads\/2025\/01\/JJUNTA.png 299w, https:\/\/viresformacion.com\/wp-content\/uploads\/2025\/01\/JJUNTA-18x10.png 18w\" sizes=\"(max-width: 96px) 100vw, 96px\" \/> <img decoding=\"async\" class=\"alignnone wp-image-918\" src=\"https:\/\/viresformacion.com\/wp-content\/uploads\/2025\/01\/Logo-Ministerio-de-trabajo--400x106.jpg\" alt=\"\" width=\"181\" height=\"48\" srcset=\"https:\/\/viresformacion.com\/wp-content\/uploads\/2025\/01\/Logo-Ministerio-de-trabajo--400x106.jpg 400w, https:\/\/viresformacion.com\/wp-content\/uploads\/2025\/01\/Logo-Ministerio-de-trabajo--18x5.jpg 18w, https:\/\/viresformacion.com\/wp-content\/uploads\/2025\/01\/Logo-Ministerio-de-trabajo--600x160.jpg 600w, https:\/\/viresformacion.com\/wp-content\/uploads\/2025\/01\/Logo-Ministerio-de-trabajo-.jpg 752w\" sizes=\"(max-width: 181px) 100vw, 181px\" \/><\/p>","protected":false},"featured_media":785,"template":"","meta":[],"product_brand":[],"product_cat":[18],"product_tag":[],"class_list":{"0":"post-728","1":"product","2":"type-product","3":"status-publish","4":"has-post-thumbnail","6":"product_cat-certificados-de-profesionalidad","8":"first","9":"outofstock","10":"taxable","11":"shipping-taxable","12":"product-type-simple"},"yoast_head":"<!-- This site is optimized with the Yoast SEO plugin v24.4 - https:\/\/yoast.com\/wordpress\/plugins\/seo\/ -->\n<title>SSCE0110 - Docencia de la formaci\u00f3n profesional para el empleo - ViresFormacion<\/title>\n<meta name=\"description\" content=\"Salidas profesionales:Formador\/a de formaci\u00f3n profesional para el empleoFormador\/a ocupacionalFormador\/a en empresasFormador\/a de certificados de profesionalidadT\u00e9cnico\/a de formaci\u00f3nDise\u00f1ador\/a de contenidos formativosEvaluador\/a de programas de formaci\u00f3nT\u00e9cnico\/a de orientaci\u00f3n laboral y educativaDinamizador\/a de acciones formativas en proyectos socialesTutor\/a online o dinamizador\/a de aulas virtualesDesarrollador\/a de entornos virtuales de aprendizaje\" \/>\n<meta name=\"robots\" content=\"index, follow, max-snippet:-1, max-image-preview:large, max-video-preview:-1\" \/>\n<link rel=\"canonical\" href=\"https:\/\/viresformacion.com\/en\/formacion\/ssce0110-docencia-de-la-formacion-profesional-para-el-empleo\/\" \/>\n<meta property=\"og:locale\" content=\"en_US\" \/>\n<meta property=\"og:type\" content=\"article\" \/>\n<meta property=\"og:title\" content=\"SSCE0110 - Docencia de la formaci\u00f3n profesional para el empleo - ViresFormacion\" \/>\n<meta property=\"og:description\" content=\"Salidas profesionales:Formador\/a de formaci\u00f3n profesional para el empleoFormador\/a ocupacionalFormador\/a en empresasFormador\/a de certificados de profesionalidadT\u00e9cnico\/a de formaci\u00f3nDise\u00f1ador\/a de contenidos formativosEvaluador\/a de programas de formaci\u00f3nT\u00e9cnico\/a de orientaci\u00f3n laboral y educativaDinamizador\/a de acciones formativas en proyectos socialesTutor\/a online o dinamizador\/a de aulas virtualesDesarrollador\/a de entornos virtuales de aprendizaje\" \/>\n<meta property=\"og:url\" content=\"https:\/\/viresformacion.com\/en\/formacion\/ssce0110-docencia-de-la-formacion-profesional-para-el-empleo\/\" \/>\n<meta property=\"og:site_name\" content=\"ViresFormacion\" \/>\n<meta property=\"article:publisher\" content=\"https:\/\/www.facebook.com\/p\/Vires-Formacin-61550945501424\/?locale=es_ES\" \/>\n<meta property=\"article:modified_time\" content=\"2025-08-06T08:28:04+00:00\" \/>\n<meta property=\"og:image\" content=\"https:\/\/viresformacion.com\/wp-content\/uploads\/2025\/01\/Copia-de-Plantilla-Logos-WP-ACTIVIDADES-TIEMPO-LIBRE-4.png\" \/>\n\t<meta property=\"og:image:width\" content=\"500\" \/>\n\t<meta property=\"og:image:height\" content=\"500\" \/>\n\t<meta property=\"og:image:type\" content=\"image\/png\" \/>\n<meta name=\"twitter:card\" content=\"summary_large_image\" \/>\n<meta name=\"twitter:label1\" content=\"Est. reading time\" \/>\n\t<meta name=\"twitter:data1\" content=\"1 minute\" \/>\n<script type=\"application\/ld+json\" class=\"yoast-schema-graph\">{\"@context\":\"https:\/\/schema.org\",\"@graph\":[{\"@type\":\"WebPage\",\"@id\":\"https:\/\/viresformacion.com\/formacion\/ssce0110-docencia-de-la-formacion-profesional-para-el-empleo\/\",\"url\":\"https:\/\/viresformacion.com\/formacion\/ssce0110-docencia-de-la-formacion-profesional-para-el-empleo\/\",\"name\":\"SSCE0110 - Docencia de la formaci\u00f3n profesional para el empleo - ViresFormacion\",\"isPartOf\":{\"@id\":\"https:\/\/viresformacion.com\/#website\"},\"primaryImageOfPage\":{\"@id\":\"https:\/\/viresformacion.com\/formacion\/ssce0110-docencia-de-la-formacion-profesional-para-el-empleo\/#primaryimage\"},\"image\":{\"@id\":\"https:\/\/viresformacion.com\/formacion\/ssce0110-docencia-de-la-formacion-profesional-para-el-empleo\/#primaryimage\"},\"thumbnailUrl\":\"https:\/\/viresformacion.com\/wp-content\/uploads\/2025\/01\/Copia-de-Plantilla-Logos-WP-ACTIVIDADES-TIEMPO-LIBRE-4.png\",\"datePublished\":\"2025-01-13T12:30:29+00:00\",\"dateModified\":\"2025-08-06T08:28:04+00:00\",\"description\":\"Salidas profesionales:Formador\/a de formaci\u00f3n profesional para el empleoFormador\/a ocupacionalFormador\/a en empresasFormador\/a de certificados de profesionalidadT\u00e9cnico\/a de formaci\u00f3nDise\u00f1ador\/a de contenidos formativosEvaluador\/a de programas de formaci\u00f3nT\u00e9cnico\/a de orientaci\u00f3n laboral y educativaDinamizador\/a de acciones formativas en proyectos socialesTutor\/a online o dinamizador\/a de aulas virtualesDesarrollador\/a de entornos virtuales de aprendizaje\",\"breadcrumb\":{\"@id\":\"https:\/\/viresformacion.com\/formacion\/ssce0110-docencia-de-la-formacion-profesional-para-el-empleo\/#breadcrumb\"},\"inLanguage\":\"en-US\",\"potentialAction\":[{\"@type\":\"ReadAction\",\"target\":[\"https:\/\/viresformacion.com\/formacion\/ssce0110-docencia-de-la-formacion-profesional-para-el-empleo\/\"]}]},{\"@type\":\"ImageObject\",\"inLanguage\":\"en-US\",\"@id\":\"https:\/\/viresformacion.com\/formacion\/ssce0110-docencia-de-la-formacion-profesional-para-el-empleo\/#primaryimage\",\"url\":\"https:\/\/viresformacion.com\/wp-content\/uploads\/2025\/01\/Copia-de-Plantilla-Logos-WP-ACTIVIDADES-TIEMPO-LIBRE-4.png\",\"contentUrl\":\"https:\/\/viresformacion.com\/wp-content\/uploads\/2025\/01\/Copia-de-Plantilla-Logos-WP-ACTIVIDADES-TIEMPO-LIBRE-4.png\",\"width\":500,\"height\":500},{\"@type\":\"BreadcrumbList\",\"@id\":\"https:\/\/viresformacion.com\/formacion\/ssce0110-docencia-de-la-formacion-profesional-para-el-empleo\/#breadcrumb\",\"itemListElement\":[{\"@type\":\"ListItem\",\"position\":1,\"name\":\"Portada\",\"item\":\"https:\/\/viresformacion.com\/\"},{\"@type\":\"ListItem\",\"position\":2,\"name\":\"Cursos\",\"item\":\"https:\/\/viresformacion.com\/cursos\/\"},{\"@type\":\"ListItem\",\"position\":3,\"name\":\"SSCE0110 &#8211; Docencia de la formaci\u00f3n profesional para el empleo\"}]},{\"@type\":\"WebSite\",\"@id\":\"https:\/\/viresformacion.com\/#website\",\"url\":\"https:\/\/viresformacion.com\/\",\"name\":\"ViresFormacion\",\"description\":\"Formaci\u00f3n\",\"publisher\":{\"@id\":\"https:\/\/viresformacion.com\/#organization\"},\"potentialAction\":[{\"@type\":\"SearchAction\",\"target\":{\"@type\":\"EntryPoint\",\"urlTemplate\":\"https:\/\/viresformacion.com\/?s={search_term_string}\"},\"query-input\":{\"@type\":\"PropertyValueSpecification\",\"valueRequired\":true,\"valueName\":\"search_term_string\"}}],\"inLanguage\":\"en-US\"},{\"@type\":\"Organization\",\"@id\":\"https:\/\/viresformacion.com\/#organization\",\"name\":\"ViresFormacion\",\"url\":\"https:\/\/viresformacion.com\/\",\"logo\":{\"@type\":\"ImageObject\",\"inLanguage\":\"en-US\",\"@id\":\"https:\/\/viresformacion.com\/#\/schema\/logo\/image\/\",\"url\":\"https:\/\/viresformacion.com\/wp-content\/uploads\/2024\/09\/logo.png\",\"contentUrl\":\"https:\/\/viresformacion.com\/wp-content\/uploads\/2024\/09\/logo.png\",\"width\":946,\"height\":890,\"caption\":\"ViresFormacion\"},\"image\":{\"@id\":\"https:\/\/viresformacion.com\/#\/schema\/logo\/image\/\"},\"sameAs\":[\"https:\/\/www.facebook.com\/p\/Vires-Formacin-61550945501424\/?locale=es_ES\",\"https:\/\/www.instagram.com\/viresformacion\/?hl=es\",\"https:\/\/es.linkedin.com\/company\/vires-formacion-s-l\"]}]}<\/script>\n<!-- \/ Yoast SEO plugin. -->","yoast_head_json":{"title":"SSCE0110 - Docencia de la formaci\u00f3n profesional para el empleo - ViresFormacion","description":"Salidas profesionales:Formador\/a de formaci\u00f3n profesional para el empleoFormador\/a ocupacionalFormador\/a en empresasFormador\/a de certificados de profesionalidadT\u00e9cnico\/a de formaci\u00f3nDise\u00f1ador\/a de contenidos formativosEvaluador\/a de programas de formaci\u00f3nT\u00e9cnico\/a de orientaci\u00f3n laboral y educativaDinamizador\/a de acciones formativas en proyectos socialesTutor\/a online o dinamizador\/a de aulas virtualesDesarrollador\/a de entornos virtuales de aprendizaje","robots":{"index":"index","follow":"follow","max-snippet":"max-snippet:-1","max-image-preview":"max-image-preview:large","max-video-preview":"max-video-preview:-1"},"canonical":"https:\/\/viresformacion.com\/en\/formacion\/ssce0110-docencia-de-la-formacion-profesional-para-el-empleo\/","og_locale":"en_US","og_type":"article","og_title":"SSCE0110 - Docencia de la formaci\u00f3n profesional para el empleo - ViresFormacion","og_description":"Salidas profesionales:Formador\/a de formaci\u00f3n profesional para el empleoFormador\/a ocupacionalFormador\/a en empresasFormador\/a de certificados de profesionalidadT\u00e9cnico\/a de formaci\u00f3nDise\u00f1ador\/a de contenidos formativosEvaluador\/a de programas de formaci\u00f3nT\u00e9cnico\/a de orientaci\u00f3n laboral y educativaDinamizador\/a de acciones formativas en proyectos socialesTutor\/a online o dinamizador\/a de aulas virtualesDesarrollador\/a de entornos virtuales de aprendizaje","og_url":"https:\/\/viresformacion.com\/en\/formacion\/ssce0110-docencia-de-la-formacion-profesional-para-el-empleo\/","og_site_name":"ViresFormacion","article_publisher":"https:\/\/www.facebook.com\/p\/Vires-Formacin-61550945501424\/?locale=es_ES","article_modified_time":"2025-08-06T08:28:04+00:00","og_image":[{"width":500,"height":500,"url":"https:\/\/viresformacion.com\/wp-content\/uploads\/2025\/01\/Copia-de-Plantilla-Logos-WP-ACTIVIDADES-TIEMPO-LIBRE-4.png","type":"image\/png"}],"twitter_card":"summary_large_image","twitter_misc":{"Est. reading time":"1 minute"},"schema":{"@context":"https:\/\/schema.org","@graph":[{"@type":"WebPage","@id":"https:\/\/viresformacion.com\/formacion\/ssce0110-docencia-de-la-formacion-profesional-para-el-empleo\/","url":"https:\/\/viresformacion.com\/formacion\/ssce0110-docencia-de-la-formacion-profesional-para-el-empleo\/","name":"SSCE0110 - Docencia de la formaci\u00f3n profesional para el empleo - ViresFormacion","isPartOf":{"@id":"https:\/\/viresformacion.com\/#website"},"primaryImageOfPage":{"@id":"https:\/\/viresformacion.com\/formacion\/ssce0110-docencia-de-la-formacion-profesional-para-el-empleo\/#primaryimage"},"image":{"@id":"https:\/\/viresformacion.com\/formacion\/ssce0110-docencia-de-la-formacion-profesional-para-el-empleo\/#primaryimage"},"thumbnailUrl":"https:\/\/viresformacion.com\/wp-content\/uploads\/2025\/01\/Copia-de-Plantilla-Logos-WP-ACTIVIDADES-TIEMPO-LIBRE-4.png","datePublished":"2025-01-13T12:30:29+00:00","dateModified":"2025-08-06T08:28:04+00:00","description":"Salidas profesionales:Formador\/a de formaci\u00f3n profesional para el empleoFormador\/a ocupacionalFormador\/a en empresasFormador\/a de certificados de profesionalidadT\u00e9cnico\/a de formaci\u00f3nDise\u00f1ador\/a de contenidos formativosEvaluador\/a de programas de formaci\u00f3nT\u00e9cnico\/a de orientaci\u00f3n laboral y educativaDinamizador\/a de acciones formativas en proyectos socialesTutor\/a online o dinamizador\/a de aulas virtualesDesarrollador\/a de entornos virtuales de aprendizaje","breadcrumb":{"@id":"https:\/\/viresformacion.com\/formacion\/ssce0110-docencia-de-la-formacion-profesional-para-el-empleo\/#breadcrumb"},"inLanguage":"en-US","potentialAction":[{"@type":"ReadAction","target":["https:\/\/viresformacion.com\/formacion\/ssce0110-docencia-de-la-formacion-profesional-para-el-empleo\/"]}]},{"@type":"ImageObject","inLanguage":"en-US","@id":"https:\/\/viresformacion.com\/formacion\/ssce0110-docencia-de-la-formacion-profesional-para-el-empleo\/#primaryimage","url":"https:\/\/viresformacion.com\/wp-content\/uploads\/2025\/01\/Copia-de-Plantilla-Logos-WP-ACTIVIDADES-TIEMPO-LIBRE-4.png","contentUrl":"https:\/\/viresformacion.com\/wp-content\/uploads\/2025\/01\/Copia-de-Plantilla-Logos-WP-ACTIVIDADES-TIEMPO-LIBRE-4.png","width":500,"height":500},{"@type":"BreadcrumbList","@id":"https:\/\/viresformacion.com\/formacion\/ssce0110-docencia-de-la-formacion-profesional-para-el-empleo\/#breadcrumb","itemListElement":[{"@type":"ListItem","position":1,"name":"Portada","item":"https:\/\/viresformacion.com\/"},{"@type":"ListItem","position":2,"name":"Cursos","item":"https:\/\/viresformacion.com\/cursos\/"},{"@type":"ListItem","position":3,"name":"SSCE0110 &#8211; Docencia de la formaci\u00f3n profesional para el empleo"}]},{"@type":"WebSite","@id":"https:\/\/viresformacion.com\/#website","url":"https:\/\/viresformacion.com\/","name":"ViresFormacion","description":"Formaci\u00f3n","publisher":{"@id":"https:\/\/viresformacion.com\/#organization"},"potentialAction":[{"@type":"SearchAction","target":{"@type":"EntryPoint","urlTemplate":"https:\/\/viresformacion.com\/?s={search_term_string}"},"query-input":{"@type":"PropertyValueSpecification","valueRequired":true,"valueName":"search_term_string"}}],"inLanguage":"en-US"},{"@type":"Organization","@id":"https:\/\/viresformacion.com\/#organization","name":"ViresFormacion","url":"https:\/\/viresformacion.com\/","logo":{"@type":"ImageObject","inLanguage":"en-US","@id":"https:\/\/viresformacion.com\/#\/schema\/logo\/image\/","url":"https:\/\/viresformacion.com\/wp-content\/uploads\/2024\/09\/logo.png","contentUrl":"https:\/\/viresformacion.com\/wp-content\/uploads\/2024\/09\/logo.png","width":946,"height":890,"caption":"ViresFormacion"},"image":{"@id":"https:\/\/viresformacion.com\/#\/schema\/logo\/image\/"},"sameAs":["https:\/\/www.facebook.com\/p\/Vires-Formacin-61550945501424\/?locale=es_ES","https:\/\/www.instagram.com\/viresformacion\/?hl=es","https:\/\/es.linkedin.com\/company\/vires-formacion-s-l"]}]}},"_links":{"self":[{"href":"https:\/\/viresformacion.com\/en\/wp-json\/wp\/v2\/product\/728","targetHints":{"allow":["GET"]}}],"collection":[{"href":"https:\/\/viresformacion.com\/en\/wp-json\/wp\/v2\/product"}],"about":[{"href":"https:\/\/viresformacion.com\/en\/wp-json\/wp\/v2\/types\/product"}],"wp:featuredmedia":[{"embeddable":true,"href":"https:\/\/viresformacion.com\/en\/wp-json\/wp\/v2\/media\/785"}],"wp:attachment":[{"href":"https:\/\/viresformacion.com\/en\/wp-json\/wp\/v2\/media?parent=728"}],"wp:term":[{"taxonomy":"product_brand","embeddable":true,"href":"https:\/\/viresformacion.com\/en\/wp-json\/wp\/v2\/product_brand?post=728"},{"taxonomy":"product_cat","embeddable":true,"href":"https:\/\/viresformacion.com\/en\/wp-json\/wp\/v2\/product_cat?post=728"},{"taxonomy":"product_tag","embeddable":true,"href":"https:\/\/viresformacion.com\/en\/wp-json\/wp\/v2\/product_tag?post=728"}],"curies":[{"name":"wp","href":"https:\/\/api.w.org\/{rel}","templated":true}]}}