{"id":806,"date":"2025-01-15T12:43:41","date_gmt":"2025-01-15T11:43:41","guid":{"rendered":"https:\/\/viresformacion.com\/?post_type=product&#038;p=806"},"modified":"2025-08-08T08:25:50","modified_gmt":"2025-08-08T07:25:50","slug":"mf1017_2-intervencion-atencion-higienico-alimentaria-en-instituciones","status":"publish","type":"product","link":"https:\/\/viresformacion.com\/en\/formacion\/mf1017_2-intervencion-atencion-higienico-alimentaria-en-instituciones\/","title":{"rendered":"MF1017_2 &#8211; INTERVENCI\u00d3N EN LA ATENCI\u00d3N HIGI\u00c9NICO &#8211; ALIMENTARIA EN INSTITUCIONES"},"content":{"rendered":"<h2 data-start=\"204\" data-end=\"228\">\ud83c\udf93 Titulaci\u00f3n Oficial<\/h2>\n<p data-start=\"273\" data-end=\"351\">\ud83d\udccd Presencial \u2013 Vires Formaci\u00f3n, Avd. Iberoam\u00e9rica 11 Bajo<\/p>\n<hr data-start=\"239\" data-end=\"242\" \/>\n<p data-start=\"353\" data-end=\"464\">\ud83d\udcdd <strong data-start=\"247\" data-end=\"261\">REQUISITOS<\/strong><br data-start=\"261\" data-end=\"264\" \/>+18 a\u00f1os<br data-start=\"390\" data-end=\"393\" \/>Titulaci\u00f3n E.S.O. o equivalente<br data-start=\"426\" data-end=\"429\" \/>Personas desempleadas u ocupadas<\/p>\n<hr data-start=\"239\" data-end=\"242\" \/>\n<p data-start=\"466\" data-end=\"493\">\u23f1 <strong data-start=\"468\" data-end=\"481\">DURACI\u00d3N:<\/strong><br data-start=\"481\" data-end=\"484\" \/>70 horas<\/p>\n<hr data-start=\"239\" data-end=\"242\" \/>\n<p data-start=\"549\" data-end=\"582\">\ud83d\udccc <strong data-start=\"430\" data-end=\"450\">PLAZAS LIMITADAS<\/strong><br data-start=\"450\" data-end=\"453\" \/>M\u00e1x. 15 participantes<\/p>\n<hr data-start=\"239\" data-end=\"242\" \/>\n<p data-start=\"549\" data-end=\"582\">\ud83c\udf81 <strong data-start=\"484\" data-end=\"498\">BENEFICIOS<\/strong><br data-start=\"498\" data-end=\"501\" \/>Posibilidad de becas al finalizar<\/p>\n<hr data-start=\"239\" data-end=\"242\" \/>\n<p data-start=\"549\" data-end=\"582\">\ud83d\udce2 <strong data-start=\"544\" data-end=\"559\">INSCRIPCI\u00d3N<\/strong><br data-start=\"559\" data-end=\"562\" \/>El plazo para el Certificado <strong>MF1017_2<\/strong>\u00a0finaliza el 15 de Septiembre.<br data-start=\"626\" data-end=\"629\" \/>Solo 15 plazas, se priorizan por orden de inscripci\u00f3n.<\/p>\n<hr data-start=\"239\" data-end=\"242\" \/>\n<h2 data-start=\"729\" data-end=\"757\">\ud83d\udce4 Env\u00edo de Documentaci\u00f3n<\/h2>\n<p data-start=\"759\" data-end=\"856\">Para formalizar tu inscripci\u00f3n, deber\u00e1s enviar por correo electr\u00f3nico la siguiente documentaci\u00f3n:<\/p>\n<p data-start=\"858\" data-end=\"983\">\u2705 <strong data-start=\"860\" data-end=\"873\">Anexo PDF<\/strong> (<a href=\"https:\/\/viresformacion.com\/wp-content\/uploads\/2025\/01\/ANEXO-III.pdf\" target=\"_blank\" rel=\"noopener\">descargable<\/a>) correctamente rellenado<br \/>\n\u2705 <strong>DNI escaneado<\/strong><br data-start=\"823\" data-end=\"826\" \/>\u2705 <strong>Titulaci\u00f3n E.S.O. o similar<\/strong> (escaneada)<br data-start=\"867\" data-end=\"870\" \/>\u2705\u00a0<strong data-start=\"1258\" data-end=\"1297\">Documento como demandante de empleo<\/strong> (DARDE o informe de inscripci\u00f3n actualizado)<\/p>\n<hr data-start=\"239\" data-end=\"242\" \/>\n<h2 data-start=\"957\" data-end=\"984\">\ud83d\udcc4 Informaci\u00f3n adicional<\/h2>\n<p data-start=\"986\" data-end=\"1209\">\ud83d\udd39 <a class=\"\" href=\"https:\/\/www.sepe.es\/dam\/jcr:c98fa0ab-65c8-4cf0-8e6d-a44dad31936d\/SSCS0208_ficha.pdf\" target=\"_blank\" rel=\"noopener\" data-start=\"989\" data-end=\"1112\">Ficha T\u00e9cnica (PDF oficial del SEPE)<\/a><br data-start=\"1112\" data-end=\"1115\" \/>\ud83d\udd39 <a class=\"\" href=\"https:\/\/viresformacion.com\/en\/sobre-cursos\/\" target=\"_blank\" rel=\"noopener\" data-start=\"1118\" data-end=\"1209\">Informaci\u00f3n sobre los niveles (Vires Formaci\u00f3n)<\/a><\/p>","protected":false},"excerpt":{"rendered":"<p><strong>Curso Gratuito Subvencionado<\/strong><\/p>\n<p><span style=\"color: #3366ff;\"><strong>Presencial :Vires Formaci\u00f3n &#8211; Alcal\u00e1 la Real, Ja\u00e9n<\/strong><\/span><\/p>\n<p>Este Modulo Formativo forma parte del Certificado de Profesionalidad SSCS 0208 ATENCI\u00d3N SOCIOSANITARIA A PERSONAS DEPENDIENTES EN INSTITUCIONES SOCIALES, titulaci\u00f3n m\u00ednima necesaria para trabajar como:\u00a0<strong>Cuidadores , gerocultores o auxiliares de cuidados, en Residencias de Mayores, Centros de D\u00eda, Centros de atenci\u00f3n a dependientes y otros centros de acci\u00f3n Social, tanto p\u00fablicos como privados.<\/strong><\/p>\n<p><img decoding=\"async\" class=\"alignnone wp-image-917\" src=\"https:\/\/viresformacion.com\/wp-content\/uploads\/2025\/01\/JJUNTA.png\" alt=\"\" width=\"96\" height=\"54\" srcset=\"https:\/\/viresformacion.com\/wp-content\/uploads\/2025\/01\/JJUNTA.png 299w, https:\/\/viresformacion.com\/wp-content\/uploads\/2025\/01\/JJUNTA-18x10.png 18w\" sizes=\"(max-width: 96px) 100vw, 96px\" \/> <img decoding=\"async\" class=\"alignnone wp-image-918\" src=\"https:\/\/viresformacion.com\/wp-content\/uploads\/2025\/01\/Logo-Ministerio-de-trabajo--400x106.jpg\" alt=\"\" width=\"181\" height=\"48\" srcset=\"https:\/\/viresformacion.com\/wp-content\/uploads\/2025\/01\/Logo-Ministerio-de-trabajo--400x106.jpg 400w, https:\/\/viresformacion.com\/wp-content\/uploads\/2025\/01\/Logo-Ministerio-de-trabajo--18x5.jpg 18w, https:\/\/viresformacion.com\/wp-content\/uploads\/2025\/01\/Logo-Ministerio-de-trabajo--600x160.jpg 600w, https:\/\/viresformacion.com\/wp-content\/uploads\/2025\/01\/Logo-Ministerio-de-trabajo-.jpg 752w\" sizes=\"(max-width: 181px) 100vw, 181px\" \/><\/p>","protected":false},"featured_media":813,"template":"","meta":[],"product_brand":[],"product_cat":[32],"product_tag":[],"class_list":{"0":"post-806","1":"product","2":"type-product","3":"status-publish","4":"has-post-thumbnail","6":"product_cat-modulos-y-unidades-formativas","8":"first","9":"instock","10":"virtual","11":"taxable","12":"product-type-simple"},"yoast_head":"<!-- This site is optimized with the Yoast SEO plugin v24.4 - https:\/\/yoast.com\/wordpress\/plugins\/seo\/ -->\n<title>MF1017_2 - INTERVENCI\u00d3N EN LA ATENCI\u00d3N HIGI\u00c9NICO - ALIMENTARIA EN INSTITUCIONES - ViresFormacion<\/title>\n<meta name=\"description\" content=\"Aprende a gestionar la atenci\u00f3n higi\u00e9nico-alimentaria en instituciones con nuestro curso online *mf1017*. Obt\u00e9n tu certificado oficial y mejora tu empleabilidad. \u00a1Inscr\u00edbete hoy!\" \/>\n<meta name=\"robots\" content=\"index, follow, max-snippet:-1, max-image-preview:large, max-video-preview:-1\" \/>\n<link rel=\"canonical\" href=\"https:\/\/viresformacion.com\/en\/formacion\/mf1017_2-intervencion-atencion-higienico-alimentaria-en-instituciones\/\" \/>\n<meta property=\"og:locale\" content=\"en_US\" \/>\n<meta property=\"og:type\" content=\"article\" \/>\n<meta property=\"og:title\" content=\"MF1017_2 - INTERVENCI\u00d3N EN LA ATENCI\u00d3N HIGI\u00c9NICO - ALIMENTARIA EN INSTITUCIONES - ViresFormacion\" \/>\n<meta property=\"og:description\" content=\"Aprende a gestionar la atenci\u00f3n higi\u00e9nico-alimentaria en instituciones con nuestro curso online *mf1017*. Obt\u00e9n tu certificado oficial y mejora tu empleabilidad. \u00a1Inscr\u00edbete hoy!\" \/>\n<meta property=\"og:url\" content=\"https:\/\/viresformacion.com\/en\/formacion\/mf1017_2-intervencion-atencion-higienico-alimentaria-en-instituciones\/\" \/>\n<meta property=\"og:site_name\" content=\"ViresFormacion\" \/>\n<meta property=\"article:publisher\" content=\"https:\/\/www.facebook.com\/p\/Vires-Formacin-61550945501424\/?locale=es_ES\" \/>\n<meta property=\"article:modified_time\" content=\"2025-08-08T07:25:50+00:00\" \/>\n<meta property=\"og:image\" content=\"https:\/\/viresformacion.com\/wp-content\/uploads\/2025\/01\/Plantilla-Modulos-MF1017_2-1.png\" \/>\n\t<meta property=\"og:image:width\" content=\"500\" \/>\n\t<meta property=\"og:image:height\" content=\"500\" \/>\n\t<meta property=\"og:image:type\" content=\"image\/png\" \/>\n<meta name=\"twitter:card\" content=\"summary_large_image\" \/>\n<meta name=\"twitter:label1\" content=\"Est. reading time\" \/>\n\t<meta name=\"twitter:data1\" content=\"1 minute\" \/>\n<script type=\"application\/ld+json\" class=\"yoast-schema-graph\">{\"@context\":\"https:\/\/schema.org\",\"@graph\":[{\"@type\":\"WebPage\",\"@id\":\"https:\/\/viresformacion.com\/formacion\/mf1017_2-intervencion-atencion-higienico-alimentaria-en-instituciones\/\",\"url\":\"https:\/\/viresformacion.com\/formacion\/mf1017_2-intervencion-atencion-higienico-alimentaria-en-instituciones\/\",\"name\":\"MF1017_2 - INTERVENCI\u00d3N EN LA ATENCI\u00d3N HIGI\u00c9NICO - ALIMENTARIA EN INSTITUCIONES - ViresFormacion\",\"isPartOf\":{\"@id\":\"https:\/\/viresformacion.com\/#website\"},\"primaryImageOfPage\":{\"@id\":\"https:\/\/viresformacion.com\/formacion\/mf1017_2-intervencion-atencion-higienico-alimentaria-en-instituciones\/#primaryimage\"},\"image\":{\"@id\":\"https:\/\/viresformacion.com\/formacion\/mf1017_2-intervencion-atencion-higienico-alimentaria-en-instituciones\/#primaryimage\"},\"thumbnailUrl\":\"https:\/\/viresformacion.com\/wp-content\/uploads\/2025\/01\/Plantilla-Modulos-MF1017_2-1.png\",\"datePublished\":\"2025-01-15T11:43:41+00:00\",\"dateModified\":\"2025-08-08T07:25:50+00:00\",\"description\":\"Aprende a gestionar la atenci\u00f3n higi\u00e9nico-alimentaria en instituciones con nuestro curso online *mf1017*. Obt\u00e9n tu certificado oficial y mejora tu empleabilidad. \u00a1Inscr\u00edbete hoy!\",\"breadcrumb\":{\"@id\":\"https:\/\/viresformacion.com\/formacion\/mf1017_2-intervencion-atencion-higienico-alimentaria-en-instituciones\/#breadcrumb\"},\"inLanguage\":\"en-US\",\"potentialAction\":[{\"@type\":\"ReadAction\",\"target\":[\"https:\/\/viresformacion.com\/formacion\/mf1017_2-intervencion-atencion-higienico-alimentaria-en-instituciones\/\"]}]},{\"@type\":\"ImageObject\",\"inLanguage\":\"en-US\",\"@id\":\"https:\/\/viresformacion.com\/formacion\/mf1017_2-intervencion-atencion-higienico-alimentaria-en-instituciones\/#primaryimage\",\"url\":\"https:\/\/viresformacion.com\/wp-content\/uploads\/2025\/01\/Plantilla-Modulos-MF1017_2-1.png\",\"contentUrl\":\"https:\/\/viresformacion.com\/wp-content\/uploads\/2025\/01\/Plantilla-Modulos-MF1017_2-1.png\",\"width\":500,\"height\":500},{\"@type\":\"BreadcrumbList\",\"@id\":\"https:\/\/viresformacion.com\/formacion\/mf1017_2-intervencion-atencion-higienico-alimentaria-en-instituciones\/#breadcrumb\",\"itemListElement\":[{\"@type\":\"ListItem\",\"position\":1,\"name\":\"Portada\",\"item\":\"https:\/\/viresformacion.com\/\"},{\"@type\":\"ListItem\",\"position\":2,\"name\":\"Cursos\",\"item\":\"https:\/\/viresformacion.com\/cursos\/\"},{\"@type\":\"ListItem\",\"position\":3,\"name\":\"MF1017_2 &#8211; INTERVENCI\u00d3N EN LA ATENCI\u00d3N HIGI\u00c9NICO &#8211; ALIMENTARIA EN INSTITUCIONES\"}]},{\"@type\":\"WebSite\",\"@id\":\"https:\/\/viresformacion.com\/#website\",\"url\":\"https:\/\/viresformacion.com\/\",\"name\":\"ViresFormacion\",\"description\":\"Formaci\u00f3n\",\"publisher\":{\"@id\":\"https:\/\/viresformacion.com\/#organization\"},\"potentialAction\":[{\"@type\":\"SearchAction\",\"target\":{\"@type\":\"EntryPoint\",\"urlTemplate\":\"https:\/\/viresformacion.com\/?s={search_term_string}\"},\"query-input\":{\"@type\":\"PropertyValueSpecification\",\"valueRequired\":true,\"valueName\":\"search_term_string\"}}],\"inLanguage\":\"en-US\"},{\"@type\":\"Organization\",\"@id\":\"https:\/\/viresformacion.com\/#organization\",\"name\":\"ViresFormacion\",\"url\":\"https:\/\/viresformacion.com\/\",\"logo\":{\"@type\":\"ImageObject\",\"inLanguage\":\"en-US\",\"@id\":\"https:\/\/viresformacion.com\/#\/schema\/logo\/image\/\",\"url\":\"https:\/\/viresformacion.com\/wp-content\/uploads\/2024\/09\/logo.png\",\"contentUrl\":\"https:\/\/viresformacion.com\/wp-content\/uploads\/2024\/09\/logo.png\",\"width\":946,\"height\":890,\"caption\":\"ViresFormacion\"},\"image\":{\"@id\":\"https:\/\/viresformacion.com\/#\/schema\/logo\/image\/\"},\"sameAs\":[\"https:\/\/www.facebook.com\/p\/Vires-Formacin-61550945501424\/?locale=es_ES\",\"https:\/\/www.instagram.com\/viresformacion\/?hl=es\",\"https:\/\/es.linkedin.com\/company\/vires-formacion-s-l\"]}]}<\/script>\n<!-- \/ Yoast SEO plugin. -->","yoast_head_json":{"title":"MF1017_2 - INTERVENCI\u00d3N EN LA ATENCI\u00d3N HIGI\u00c9NICO - ALIMENTARIA EN INSTITUCIONES - ViresFormacion","description":"Aprende a gestionar la atenci\u00f3n higi\u00e9nico-alimentaria en instituciones con nuestro curso online *mf1017*. Obt\u00e9n tu certificado oficial y mejora tu empleabilidad. \u00a1Inscr\u00edbete hoy!","robots":{"index":"index","follow":"follow","max-snippet":"max-snippet:-1","max-image-preview":"max-image-preview:large","max-video-preview":"max-video-preview:-1"},"canonical":"https:\/\/viresformacion.com\/en\/formacion\/mf1017_2-intervencion-atencion-higienico-alimentaria-en-instituciones\/","og_locale":"en_US","og_type":"article","og_title":"MF1017_2 - INTERVENCI\u00d3N EN LA ATENCI\u00d3N HIGI\u00c9NICO - ALIMENTARIA EN INSTITUCIONES - ViresFormacion","og_description":"Aprende a gestionar la atenci\u00f3n higi\u00e9nico-alimentaria en instituciones con nuestro curso online *mf1017*. Obt\u00e9n tu certificado oficial y mejora tu empleabilidad. \u00a1Inscr\u00edbete hoy!","og_url":"https:\/\/viresformacion.com\/en\/formacion\/mf1017_2-intervencion-atencion-higienico-alimentaria-en-instituciones\/","og_site_name":"ViresFormacion","article_publisher":"https:\/\/www.facebook.com\/p\/Vires-Formacin-61550945501424\/?locale=es_ES","article_modified_time":"2025-08-08T07:25:50+00:00","og_image":[{"width":500,"height":500,"url":"https:\/\/viresformacion.com\/wp-content\/uploads\/2025\/01\/Plantilla-Modulos-MF1017_2-1.png","type":"image\/png"}],"twitter_card":"summary_large_image","twitter_misc":{"Est. reading time":"1 minute"},"schema":{"@context":"https:\/\/schema.org","@graph":[{"@type":"WebPage","@id":"https:\/\/viresformacion.com\/formacion\/mf1017_2-intervencion-atencion-higienico-alimentaria-en-instituciones\/","url":"https:\/\/viresformacion.com\/formacion\/mf1017_2-intervencion-atencion-higienico-alimentaria-en-instituciones\/","name":"MF1017_2 - INTERVENCI\u00d3N EN LA ATENCI\u00d3N HIGI\u00c9NICO - ALIMENTARIA EN INSTITUCIONES - ViresFormacion","isPartOf":{"@id":"https:\/\/viresformacion.com\/#website"},"primaryImageOfPage":{"@id":"https:\/\/viresformacion.com\/formacion\/mf1017_2-intervencion-atencion-higienico-alimentaria-en-instituciones\/#primaryimage"},"image":{"@id":"https:\/\/viresformacion.com\/formacion\/mf1017_2-intervencion-atencion-higienico-alimentaria-en-instituciones\/#primaryimage"},"thumbnailUrl":"https:\/\/viresformacion.com\/wp-content\/uploads\/2025\/01\/Plantilla-Modulos-MF1017_2-1.png","datePublished":"2025-01-15T11:43:41+00:00","dateModified":"2025-08-08T07:25:50+00:00","description":"Aprende a gestionar la atenci\u00f3n higi\u00e9nico-alimentaria en instituciones con nuestro curso online *mf1017*. Obt\u00e9n tu certificado oficial y mejora tu empleabilidad. \u00a1Inscr\u00edbete hoy!","breadcrumb":{"@id":"https:\/\/viresformacion.com\/formacion\/mf1017_2-intervencion-atencion-higienico-alimentaria-en-instituciones\/#breadcrumb"},"inLanguage":"en-US","potentialAction":[{"@type":"ReadAction","target":["https:\/\/viresformacion.com\/formacion\/mf1017_2-intervencion-atencion-higienico-alimentaria-en-instituciones\/"]}]},{"@type":"ImageObject","inLanguage":"en-US","@id":"https:\/\/viresformacion.com\/formacion\/mf1017_2-intervencion-atencion-higienico-alimentaria-en-instituciones\/#primaryimage","url":"https:\/\/viresformacion.com\/wp-content\/uploads\/2025\/01\/Plantilla-Modulos-MF1017_2-1.png","contentUrl":"https:\/\/viresformacion.com\/wp-content\/uploads\/2025\/01\/Plantilla-Modulos-MF1017_2-1.png","width":500,"height":500},{"@type":"BreadcrumbList","@id":"https:\/\/viresformacion.com\/formacion\/mf1017_2-intervencion-atencion-higienico-alimentaria-en-instituciones\/#breadcrumb","itemListElement":[{"@type":"ListItem","position":1,"name":"Portada","item":"https:\/\/viresformacion.com\/"},{"@type":"ListItem","position":2,"name":"Cursos","item":"https:\/\/viresformacion.com\/cursos\/"},{"@type":"ListItem","position":3,"name":"MF1017_2 &#8211; INTERVENCI\u00d3N EN LA ATENCI\u00d3N HIGI\u00c9NICO &#8211; ALIMENTARIA EN INSTITUCIONES"}]},{"@type":"WebSite","@id":"https:\/\/viresformacion.com\/#website","url":"https:\/\/viresformacion.com\/","name":"ViresFormacion","description":"Formaci\u00f3n","publisher":{"@id":"https:\/\/viresformacion.com\/#organization"},"potentialAction":[{"@type":"SearchAction","target":{"@type":"EntryPoint","urlTemplate":"https:\/\/viresformacion.com\/?s={search_term_string}"},"query-input":{"@type":"PropertyValueSpecification","valueRequired":true,"valueName":"search_term_string"}}],"inLanguage":"en-US"},{"@type":"Organization","@id":"https:\/\/viresformacion.com\/#organization","name":"ViresFormacion","url":"https:\/\/viresformacion.com\/","logo":{"@type":"ImageObject","inLanguage":"en-US","@id":"https:\/\/viresformacion.com\/#\/schema\/logo\/image\/","url":"https:\/\/viresformacion.com\/wp-content\/uploads\/2024\/09\/logo.png","contentUrl":"https:\/\/viresformacion.com\/wp-content\/uploads\/2024\/09\/logo.png","width":946,"height":890,"caption":"ViresFormacion"},"image":{"@id":"https:\/\/viresformacion.com\/#\/schema\/logo\/image\/"},"sameAs":["https:\/\/www.facebook.com\/p\/Vires-Formacin-61550945501424\/?locale=es_ES","https:\/\/www.instagram.com\/viresformacion\/?hl=es","https:\/\/es.linkedin.com\/company\/vires-formacion-s-l"]}]}},"_links":{"self":[{"href":"https:\/\/viresformacion.com\/en\/wp-json\/wp\/v2\/product\/806","targetHints":{"allow":["GET"]}}],"collection":[{"href":"https:\/\/viresformacion.com\/en\/wp-json\/wp\/v2\/product"}],"about":[{"href":"https:\/\/viresformacion.com\/en\/wp-json\/wp\/v2\/types\/product"}],"wp:featuredmedia":[{"embeddable":true,"href":"https:\/\/viresformacion.com\/en\/wp-json\/wp\/v2\/media\/813"}],"wp:attachment":[{"href":"https:\/\/viresformacion.com\/en\/wp-json\/wp\/v2\/media?parent=806"}],"wp:term":[{"taxonomy":"product_brand","embeddable":true,"href":"https:\/\/viresformacion.com\/en\/wp-json\/wp\/v2\/product_brand?post=806"},{"taxonomy":"product_cat","embeddable":true,"href":"https:\/\/viresformacion.com\/en\/wp-json\/wp\/v2\/product_cat?post=806"},{"taxonomy":"product_tag","embeddable":true,"href":"https:\/\/viresformacion.com\/en\/wp-json\/wp\/v2\/product_tag?post=806"}],"curies":[{"name":"wp","href":"https:\/\/api.w.org\/{rel}","templated":true}]}}